{"id":11,"date":"2024-10-02T21:39:51","date_gmt":"2024-10-02T21:39:51","guid":{"rendered":"https:\/\/834.d17.mytemp.website\/?page_id=11"},"modified":"2024-10-02T21:53:32","modified_gmt":"2024-10-02T21:53:32","slug":"remboursements_retours","status":"publish","type":"page","link":"https:\/\/mesfleurs.ca\/en\/remboursements_retours\/","title":{"rendered":"Politique en mati\u00e8re de remboursements, de retours et de satisfaction"},"content":{"rendered":"<div data-elementor-type=\"wp-page\" data-elementor-id=\"11\" class=\"elementor elementor-11\" data-elementor-post-type=\"page\">\n\t\t\t\t<div class=\"elementor-element elementor-element-0ea2929 e-flex e-con-boxed e-con e-parent\" data-id=\"0ea2929\" data-element_type=\"container\" data-e-type=\"container\">\n\t\t\t\t\t<div class=\"e-con-inner\">\n\t\t<div class=\"elementor-element elementor-element-f26bdbb e-con-full e-flex e-con e-child\" data-id=\"f26bdbb\" data-element_type=\"container\" data-e-type=\"container\">\n\t\t\t\t<div class=\"elementor-element elementor-element-23b3195 elementor-widget elementor-widget-image\" data-id=\"23b3195\" data-element_type=\"widget\" data-e-type=\"widget\" data-widget_type=\"image.default\">\n\t\t\t\t<div class=\"elementor-widget-container\">\n\t\t\t\t\t\t\t\t\t\t\t\t\t\t\t<img fetchpriority=\"high\" decoding=\"async\" width=\"640\" height=\"480\" src=\"https:\/\/mesfleurs.ca\/wp-content\/uploads\/2024\/10\/Satisfaction_bouquet-1024x768.jpg\" class=\"attachment-large size-large wp-image-1266\" alt=\"\" srcset=\"https:\/\/mesfleurs.ca\/wp-content\/uploads\/2024\/10\/Satisfaction_bouquet-1024x768.jpg 1024w, https:\/\/mesfleurs.ca\/wp-content\/uploads\/2024\/10\/Satisfaction_bouquet-300x225.jpg 300w, https:\/\/mesfleurs.ca\/wp-content\/uploads\/2024\/10\/Satisfaction_bouquet-768x576.jpg 768w, https:\/\/mesfleurs.ca\/wp-content\/uploads\/2024\/10\/Satisfaction_bouquet-1536x1152.jpg 1536w, https:\/\/mesfleurs.ca\/wp-content\/uploads\/2024\/10\/Satisfaction_bouquet-1320x990.jpg 1320w, https:\/\/mesfleurs.ca\/wp-content\/uploads\/2024\/10\/Satisfaction_bouquet-600x450.jpg 600w, https:\/\/mesfleurs.ca\/wp-content\/uploads\/2024\/10\/Satisfaction_bouquet.jpg 2048w\" sizes=\"(max-width: 640px) 100vw, 640px\" \/>\t\t\t\t\t\t\t\t\t\t\t\t\t\t\t<\/div>\n\t\t\t\t<\/div>\n\t\t\t\t<\/div>\n\t\t\t\t<div class=\"elementor-element elementor-element-5dace5d elementor-widget elementor-widget-text-editor\" data-id=\"5dace5d\" data-element_type=\"widget\" data-e-type=\"widget\" data-widget_type=\"text-editor.default\">\n\t\t\t\t<div class=\"elementor-widget-container\">\n\t\t\t\t\t\t\t\t\t<p style=\"color: rgb(31, 31, 31); text-align: start; white-space-collapse: collapse;\">Nous garantissons de belles compositions florales et des cadeaux de sp\u00e9cialit\u00e9 de qualit\u00e9 que le destinataire appr\u00e9ciera \u00e0 tout coup.&nbsp;Si vous n&rsquo;\u00eates pas satisfait de votre achat, pour quelque raison que ce soit, dites-le nous!<\/p><p style=\"color: rgb(31, 31, 31); text-align: start; white-space-collapse: collapse;\">Communiquer avec nous&nbsp;<a href=\"mailto:info@mesfleurs.ca\">par courriel<\/a>, ou par t\u00e9l\u00e9phone au&nbsp;<a href=\"tel:+18193766548\" target=\"\">819-376-6548<\/a>&nbsp;ou&nbsp;<a href=\"tel:+18556373538\" target=\"\">855-637-3538<\/a>.<\/p><p style=\"color: rgb(31, 31, 31); text-align: start; white-space-collapse: collapse;\">Dans certaines circonstances, nous devrons changer certaines caract\u00e9ristiques afin que la composition soit livr\u00e9 \u00e0 temps. Nous prenons grand soin \u00e0 ce que votre commande ressemble le plus possible au produit que vous avez command\u00e9.<\/p><p style=\"color: rgb(31, 31, 31); text-align: start; white-space-collapse: collapse;\">Pour ce qui est des compositions de fleurs assorties, les couleurs du produit livr\u00e9 seront le plus possible semblables \u00e0 celles pr\u00e9sent\u00e9es en ligne. Dans certain cas, nous devrons utiliser des vari\u00e9t\u00e9s de fleurs diff\u00e9rentes, de valeur \u00e9gale ou sup\u00e9rieure.<\/p><p style=\"color: rgb(31, 31, 31); text-align: start; white-space-collapse: collapse;\">Si le r\u00e9cipient (vase) pr\u00e9sent\u00e9 en ligne n&rsquo;est pas disponible, nous utiliserons un r\u00e9cipient (vase) semblable.<\/p><p style=\"color: rgb(31, 31, 31); text-align: start; white-space-collapse: collapse;\">Pour ce qui est des plantes vertes et des plantes en fleurs, des vari\u00e9t\u00e9s semblables de valeur \u00e9gale ou sup\u00e9rieure pourront \u00eatre utilis\u00e9es.<\/p>\t\t\t\t\t\t\t\t<\/div>\n\t\t\t\t<\/div>\n\t\t\t\t\t<\/div>\n\t\t\t\t<\/div>\n\t\t\t\t<\/div>","protected":false},"excerpt":{"rendered":"<p>Nous garantissons de belles compositions florales et des cadeaux de sp\u00e9cialit\u00e9 de qualit\u00e9 que le destinataire appr\u00e9ciera \u00e0 tout coup.&nbsp;Si vous n&rsquo;\u00eates pas satisfait de votre achat, pour quelque raison que ce soit, dites-le nous! Communiquer avec nous&nbsp;par courriel, ou par t\u00e9l\u00e9phone au&nbsp;819-376-6548&nbsp;ou&nbsp;855-637-3538. Dans certaines circonstances, nous devrons changer certaines caract\u00e9ristiques afin que la composition [&hellip;]<\/p>\n","protected":false},"author":1,"featured_media":0,"parent":0,"menu_order":0,"comment_status":"closed","ping_status":"closed","template":"templates\/fullwidth.php","meta":{"footnotes":""},"class_list":["post-11","page","type-page","status-publish","hentry"],"_links":{"self":[{"href":"https:\/\/mesfleurs.ca\/en\/wp-json\/wp\/v2\/pages\/11","targetHints":{"allow":["GET"]}}],"collection":[{"href":"https:\/\/mesfleurs.ca\/en\/wp-json\/wp\/v2\/pages"}],"about":[{"href":"https:\/\/mesfleurs.ca\/en\/wp-json\/wp\/v2\/types\/page"}],"author":[{"embeddable":true,"href":"https:\/\/mesfleurs.ca\/en\/wp-json\/wp\/v2\/users\/1"}],"replies":[{"embeddable":true,"href":"https:\/\/mesfleurs.ca\/en\/wp-json\/wp\/v2\/comments?post=11"}],"version-history":[{"count":0,"href":"https:\/\/mesfleurs.ca\/en\/wp-json\/wp\/v2\/pages\/11\/revisions"}],"wp:attachment":[{"href":"https:\/\/mesfleurs.ca\/en\/wp-json\/wp\/v2\/media?parent=11"}],"curies":[{"name":"wp","href":"https:\/\/api.w.org\/{rel}","templated":true}]}}