{"id":1228,"date":"2024-10-02T19:53:40","date_gmt":"2024-10-02T19:53:40","guid":{"rendered":"https:\/\/834.d17.mytemp.website\/?page_id=1228"},"modified":"2024-10-03T11:32:20","modified_gmt":"2024-10-03T11:32:20","slug":"a-propos-de-nous","status":"publish","type":"page","link":"https:\/\/mesfleurs.ca\/en\/a-propos-de-nous\/","title":{"rendered":"About us"},"content":{"rendered":"<div data-elementor-type=\"wp-page\" data-elementor-id=\"1228\" class=\"elementor elementor-1228\" data-elementor-post-type=\"page\">\n\t\t\t\t<div class=\"elementor-element elementor-element-73798d7 e-con-full e-flex e-con e-parent\" data-id=\"73798d7\" data-element_type=\"container\" data-e-type=\"container\">\n\t\t<div class=\"elementor-element elementor-element-0fa6403 e-con-full e-flex e-con e-child\" data-id=\"0fa6403\" data-element_type=\"container\" data-e-type=\"container\">\n\t\t\t\t<div class=\"elementor-element elementor-element-367ad1b elementor-widget elementor-widget-image\" data-id=\"367ad1b\" data-element_type=\"widget\" data-e-type=\"widget\" data-widget_type=\"image.default\">\n\t\t\t\t<div class=\"elementor-widget-container\">\n\t\t\t\t\t\t\t\t\t\t\t\t\t\t\t<img fetchpriority=\"high\" decoding=\"async\" width=\"640\" height=\"665\" src=\"https:\/\/mesfleurs.ca\/wp-content\/uploads\/2024\/10\/A_propos_fleuriste-986x1024.jpg\" class=\"attachment-large size-large wp-image-1230\" alt=\"\" srcset=\"https:\/\/mesfleurs.ca\/wp-content\/uploads\/2024\/10\/A_propos_fleuriste-986x1024.jpg 986w, https:\/\/mesfleurs.ca\/wp-content\/uploads\/2024\/10\/A_propos_fleuriste-289x300.jpg 289w, https:\/\/mesfleurs.ca\/wp-content\/uploads\/2024\/10\/A_propos_fleuriste-768x797.jpg 768w, https:\/\/mesfleurs.ca\/wp-content\/uploads\/2024\/10\/A_propos_fleuriste-1480x1536.jpg 1480w, https:\/\/mesfleurs.ca\/wp-content\/uploads\/2024\/10\/A_propos_fleuriste-1973x2048.jpg 1973w, https:\/\/mesfleurs.ca\/wp-content\/uploads\/2024\/10\/A_propos_fleuriste-1320x1370.jpg 1320w, https:\/\/mesfleurs.ca\/wp-content\/uploads\/2024\/10\/A_propos_fleuriste-600x623.jpg 600w\" sizes=\"(max-width: 640px) 100vw, 640px\" \/>\t\t\t\t\t\t\t\t\t\t\t\t\t\t\t<\/div>\n\t\t\t\t<\/div>\n\t\t\t\t<\/div>\n\t\t<div class=\"elementor-element elementor-element-269ae0b e-con-full e-flex e-con e-child\" data-id=\"269ae0b\" data-element_type=\"container\" data-e-type=\"container\">\n\t\t\t\t<div class=\"elementor-element elementor-element-a97bb8d elementor-widget elementor-widget-text-editor\" data-id=\"a97bb8d\" data-element_type=\"widget\" data-e-type=\"widget\" data-widget_type=\"text-editor.default\">\n\t\t\t\t<div class=\"elementor-widget-container\">\n\t\t\t\t\t\t\t\t\t<p>Anciennement situ\u00e9 au coeur du quartier Sainte-Marguerite \u00e0 Trois-Rivi\u00e8res, Fleuriste Marie-Antoinette est l&rsquo;un des premiers fleuriste de Trois-Rivi\u00e8res. Fond\u00e9 par Mr et Mme Lamy dans les ann\u00e9es 80, nous sommes devenus l&rsquo;un des principaux fleuristes de Trois-Rivi\u00e8res et nous servons nos pr\u00e9cieux clients avec le m\u00eame souci de perfection depuis bient\u00f4t 50 ans.<\/p><p><span style=\"color: var( --e-global-color-text ); font-family: var( --e-global-typography-text-font-family ), Sans-serif; font-weight: var( --e-global-typography-text-font-weight ); text-align: var(--text-align);\">Nous sommes maintenant d\u00e9m\u00e9nag\u00e9s depuis ao\u00fbt 2022, dans le complexe Ren\u00e9 Carle, \u00e0 Trois-Rivi\u00e8res-Ouest, au coin des boulevards St-Jean et Jean XXIII.&nbsp;<\/span><\/p>\n<p>\u00c0 deux minutes du centre-ville de Trois-Rivi\u00e8res et des principaux centres hospitaliers (H\u00f4pital Sainte-Marie (CHAUR), h\u00f4pital Cooke, h\u00f4pital Saint-Joseph et Cloutier), nous livrons des fleurs \u00e0 vos proches lors des diff\u00e9rentes occasions de la vie. Situ\u00e9 \u00e0 la sortie 183 de l&rsquo;autoroute 55, nous sommes excessivement facile d&rsquo;acc\u00e8s.<\/p>\n<p>Nous sommes aussi situ\u00e9s \u00e0 proximit\u00e9 des centres fun\u00e9raires du grand Trois-Rivi\u00e8res (Centre Rousseau, Salon Richard et Philibert, JD Garneau, Salon Saint-Louis, Coop\u00e9rative fun\u00e9raire de la Mauricie, Centre fun\u00e9raire Ch\u00e2teaudun, Salon Beland-Trudel) dans lesquels nous envoyons r\u00e9guli\u00e8rement des arrangements floraux.<\/p>\t\t\t\t\t\t\t\t<\/div>\n\t\t\t\t<\/div>\n\t\t\t\t<\/div>\n\t\t\t\t<\/div>\n\t\t<div class=\"elementor-element elementor-element-baeac03 e-flex e-con-boxed e-con e-parent\" data-id=\"baeac03\" data-element_type=\"container\" data-e-type=\"container\">\n\t\t\t\t\t<div class=\"e-con-inner\">\n\t\t<div class=\"elementor-element elementor-element-c806f96 e-con-full e-flex e-con e-child\" data-id=\"c806f96\" data-element_type=\"container\" data-e-type=\"container\">\n\t\t\t\t<div class=\"elementor-element elementor-element-a335d16 elementor-widget elementor-widget-text-editor\" data-id=\"a335d16\" data-element_type=\"widget\" data-e-type=\"widget\" data-widget_type=\"text-editor.default\">\n\t\t\t\t<div class=\"elementor-widget-container\">\n\t\t\t\t\t\t\t\t\t<p>Le Fleuriste Marie-Antoinette est une entreprise de passion partag\u00e9e par une \u00e9quipe d\u00e9vou\u00e9e. Chaque bouquet cr\u00e9\u00e9 est le fruit d\u2019un savoir-faire artisanal et d\u2019une attention m\u00e9ticuleuse aux moindres d\u00e9tails. Nous mettons tout notre c\u0153ur et notre expertise pour composer des arrangements floraux uniques qui captivent les sens et illuminent les espaces.\u00a0<\/p><p>Avec cinquante ans d\u2019exp\u00e9rience, notre engagement envers l\u2019excellence et la cr\u00e9ativit\u00e9 se refl\u00e8te dans chaque composition florale que nous cr\u00e9ons. Laissez-nous apporter une touche de beaut\u00e9 et d\u2019\u00e9l\u00e9gance \u00e0 votre vie avec nos magnifiques bouquets.\u00a0<\/p><p>Fleuriste Marie-Antoinette engage des gens passionn\u00e9s qui cherchent \u00e0 offrir le meilleur d&rsquo;eux-m\u00eame: tant qu&rsquo;aux prix offerts qu&rsquo;\u00e0 la qualit\u00e9 et au professionnalisme des services et produits offerts.<\/p>\t\t\t\t\t\t\t\t<\/div>\n\t\t\t\t<\/div>\n\t\t\t\t<\/div>\n\t\t<div class=\"elementor-element elementor-element-37584c8 e-con-full e-flex e-con e-child\" data-id=\"37584c8\" data-element_type=\"container\" data-e-type=\"container\">\n\t\t\t\t<div class=\"elementor-element elementor-element-2bb4348 elementor-widget elementor-widget-image\" data-id=\"2bb4348\" data-element_type=\"widget\" data-e-type=\"widget\" data-widget_type=\"image.default\">\n\t\t\t\t<div class=\"elementor-widget-container\">\n\t\t\t\t\t\t\t\t\t\t\t\t\t\t\t<img decoding=\"async\" width=\"640\" height=\"617\" src=\"https:\/\/mesfleurs.ca\/wp-content\/uploads\/2024\/10\/A_propos_bouquet-1024x987.jpg\" class=\"attachment-large size-large wp-image-1237\" alt=\"\" srcset=\"https:\/\/mesfleurs.ca\/wp-content\/uploads\/2024\/10\/A_propos_bouquet-1024x987.jpg 1024w, https:\/\/mesfleurs.ca\/wp-content\/uploads\/2024\/10\/A_propos_bouquet-300x289.jpg 300w, https:\/\/mesfleurs.ca\/wp-content\/uploads\/2024\/10\/A_propos_bouquet-768x740.jpg 768w, https:\/\/mesfleurs.ca\/wp-content\/uploads\/2024\/10\/A_propos_bouquet-1536x1481.jpg 1536w, https:\/\/mesfleurs.ca\/wp-content\/uploads\/2024\/10\/A_propos_bouquet-2048x1974.jpg 2048w, https:\/\/mesfleurs.ca\/wp-content\/uploads\/2024\/10\/A_propos_bouquet-1320x1272.jpg 1320w, https:\/\/mesfleurs.ca\/wp-content\/uploads\/2024\/10\/A_propos_bouquet-600x578.jpg 600w\" sizes=\"(max-width: 640px) 100vw, 640px\" \/>\t\t\t\t\t\t\t\t\t\t\t\t\t\t\t<\/div>\n\t\t\t\t<\/div>\n\t\t\t\t<\/div>\n\t\t\t\t\t<\/div>\n\t\t\t\t<\/div>\n\t\t<div class=\"elementor-element elementor-element-d11388b e-flex e-con-boxed e-con e-parent\" data-id=\"d11388b\" data-element_type=\"container\" data-e-type=\"container\">\n\t\t\t\t\t<div class=\"e-con-inner\">\n\t\t\t\t<div class=\"elementor-element elementor-element-f0e0686 elementor-widget elementor-widget-text-editor\" data-id=\"f0e0686\" data-element_type=\"widget\" data-e-type=\"widget\" data-widget_type=\"text-editor.default\">\n\t\t\t\t<div class=\"elementor-widget-container\">\n\t\t\t\t\t\t\t\t\t<p><em>Tous ont droit d&rsquo;offrir des bouquets: il n&rsquo;y a pas de bouquets trop petits, ou de mauvaises combinaisons&#8230; nous offrons des produits qui sont adapt\u00e9s \u00e0 vos demandes et budget. C&rsquo;est aussi pour cette raison que nous faisons affaire avec plusieurs partenaires afin de trouver les meilleurs produits \u00e0 un prix abordable.<\/em><\/p>\t\t\t\t\t\t\t\t<\/div>\n\t\t\t\t<\/div>\n\t\t\t\t\t<\/div>\n\t\t\t\t<\/div>\n\t\t\t\t<\/div>","protected":false},"excerpt":{"rendered":"<p>Anciennement situ\u00e9 au coeur du quartier Sainte-Marguerite \u00e0 Trois-Rivi\u00e8res, Fleuriste Marie-Antoinette est l&rsquo;un des premiers fleuriste de Trois-Rivi\u00e8res. Fond\u00e9 par Mr et Mme Lamy dans les ann\u00e9es 80, nous sommes devenus l&rsquo;un des principaux fleuristes de Trois-Rivi\u00e8res et nous servons nos pr\u00e9cieux clients avec le m\u00eame souci de perfection depuis bient\u00f4t 50 ans. Nous sommes [&hellip;]<\/p>\n","protected":false},"author":1,"featured_media":0,"parent":0,"menu_order":0,"comment_status":"closed","ping_status":"closed","template":"templates\/fullwidth.php","meta":{"footnotes":""},"class_list":["post-1228","page","type-page","status-publish","hentry"],"_links":{"self":[{"href":"https:\/\/mesfleurs.ca\/en\/wp-json\/wp\/v2\/pages\/1228","targetHints":{"allow":["GET"]}}],"collection":[{"href":"https:\/\/mesfleurs.ca\/en\/wp-json\/wp\/v2\/pages"}],"about":[{"href":"https:\/\/mesfleurs.ca\/en\/wp-json\/wp\/v2\/types\/page"}],"author":[{"embeddable":true,"href":"https:\/\/mesfleurs.ca\/en\/wp-json\/wp\/v2\/users\/1"}],"replies":[{"embeddable":true,"href":"https:\/\/mesfleurs.ca\/en\/wp-json\/wp\/v2\/comments?post=1228"}],"version-history":[{"count":0,"href":"https:\/\/mesfleurs.ca\/en\/wp-json\/wp\/v2\/pages\/1228\/revisions"}],"wp:attachment":[{"href":"https:\/\/mesfleurs.ca\/en\/wp-json\/wp\/v2\/media?parent=1228"}],"curies":[{"name":"wp","href":"https:\/\/api.w.org\/{rel}","templated":true}]}}