{"id":1254,"date":"2024-10-02T20:45:27","date_gmt":"2024-10-02T20:45:27","guid":{"rendered":"https:\/\/834.d17.mytemp.website\/?page_id=1254"},"modified":"2024-10-03T11:35:56","modified_gmt":"2024-10-03T11:35:56","slug":"livraison","status":"publish","type":"page","link":"https:\/\/mesfleurs.ca\/en\/livraison\/","title":{"rendered":"Delivery"},"content":{"rendered":"<div data-elementor-type=\"wp-page\" data-elementor-id=\"1254\" class=\"elementor elementor-1254\" data-elementor-post-type=\"page\">\n\t\t\t\t<div class=\"elementor-element elementor-element-3e2e0eb e-flex e-con-boxed e-con e-parent\" data-id=\"3e2e0eb\" data-element_type=\"container\" data-e-type=\"container\">\n\t\t\t\t\t<div class=\"e-con-inner\">\n\t\t<div class=\"elementor-element elementor-element-eeb6e43 e-con-full e-flex e-con e-child\" data-id=\"eeb6e43\" data-element_type=\"container\" data-e-type=\"container\">\n\t\t\t\t<div class=\"elementor-element elementor-element-967f14f elementor-widget elementor-widget-image\" data-id=\"967f14f\" data-element_type=\"widget\" data-e-type=\"widget\" data-widget_type=\"image.default\">\n\t\t\t\t<div class=\"elementor-widget-container\">\n\t\t\t\t\t\t\t\t\t\t\t\t\t\t\t<img fetchpriority=\"high\" decoding=\"async\" width=\"640\" height=\"415\" src=\"https:\/\/mesfleurs.ca\/wp-content\/uploads\/2024\/09\/12_mix_mauve-scaled-1.jpg\" class=\"attachment-large size-large wp-image-1071\" alt=\"\" srcset=\"https:\/\/mesfleurs.ca\/wp-content\/uploads\/2024\/09\/12_mix_mauve-scaled-1.jpg 2560w, https:\/\/mesfleurs.ca\/wp-content\/uploads\/2024\/09\/12_mix_mauve-scaled-1-600x389.jpg 600w, https:\/\/mesfleurs.ca\/wp-content\/uploads\/2024\/09\/12_mix_mauve-scaled-1-300x195.jpg 300w\" sizes=\"(max-width: 640px) 100vw, 640px\" \/>\t\t\t\t\t\t\t\t\t\t\t\t\t\t\t<\/div>\n\t\t\t\t<\/div>\n\t\t\t\t<\/div>\n\t\t<div class=\"elementor-element elementor-element-5fb25d1 e-con-full e-flex e-con e-child\" data-id=\"5fb25d1\" data-element_type=\"container\" data-e-type=\"container\">\n\t\t\t\t<div class=\"elementor-element elementor-element-17618f8 elementor-widget elementor-widget-text-editor\" data-id=\"17618f8\" data-element_type=\"widget\" data-e-type=\"widget\" data-widget_type=\"text-editor.default\">\n\t\t\t\t<div class=\"elementor-widget-container\">\n\t\t\t\t\t\t\t\t\t<p>Fleuriste Marie-Antoinette vous offre le service de livraison lorsque vous commandez des fleurs avec nous. Le tarif d\u00e9pendra de l&rsquo;endroit o\u00f9 sera livr\u00e9 le bouquet. Le tarif peut varier entre 12,00$ et 35,00$ selon la distance a parcourir.<\/p><p>Consultez la page qui suit afin de trouver le tarif d&rsquo;envoie de votre bouquet. Noter que les commandes \u00ab\u00a0le jour m\u00eame\u00a0\u00bb doivent \u00eatre pass\u00e9es avant 14h.<\/p>\t\t\t\t\t\t\t\t<\/div>\n\t\t\t\t<\/div>\n\t\t\t\t<\/div>\n\t\t\t\t\t<\/div>\n\t\t\t\t<\/div>\n\t\t<div class=\"elementor-element elementor-element-e674cdd e-flex e-con-boxed e-con e-parent\" data-id=\"e674cdd\" data-element_type=\"container\" data-e-type=\"container\">\n\t\t\t\t\t<div class=\"e-con-inner\">\n\t\t<div class=\"elementor-element elementor-element-d7eec50 e-con-full e-flex e-con e-child\" data-id=\"d7eec50\" data-element_type=\"container\" data-e-type=\"container\">\n\t\t\t\t<div class=\"elementor-element elementor-element-df5f986 elementor-widget elementor-widget-heading\" data-id=\"df5f986\" data-element_type=\"widget\" data-e-type=\"widget\" data-widget_type=\"heading.default\">\n\t\t\t\t<div class=\"elementor-widget-container\">\n\t\t\t\t\t<h2 class=\"elementor-heading-title elementor-size-default\">H\u00f4pitaux<\/h2>\t\t\t\t<\/div>\n\t\t\t\t<\/div>\n\t\t\t\t<\/div>\n\t\t<div class=\"elementor-element elementor-element-deffa17 e-con-full e-flex e-con e-child\" data-id=\"deffa17\" data-element_type=\"container\" data-e-type=\"container\">\n\t\t\t\t<div class=\"elementor-element elementor-element-52c2dd3 elementor-widget elementor-widget-text-editor\" data-id=\"52c2dd3\" data-element_type=\"widget\" data-e-type=\"widget\" data-widget_type=\"text-editor.default\">\n\t\t\t\t<div class=\"elementor-widget-container\">\n\t\t\t\t\t\t\t\t\t<p>Nous desservons les principaux centres hospitaliers de Trois-Rivi\u00e8res (H\u00f4pital Sainte-Marie, H\u00f4pital Saint-Joseph, H\u00f4pital Cooke, H\u00f4pital Cloutier-Durivage), Nicolet (H\u00f4pital du Christ-Roi), Shawinigan et Shawinigan-Sud (H\u00f4pital du Centre-de-la-Mauricie).\u00a0<\/p>\t\t\t\t\t\t\t\t<\/div>\n\t\t\t\t<\/div>\n\t\t\t\t<\/div>\n\t\t\t\t\t<\/div>\n\t\t\t\t<\/div>\n\t\t<div class=\"elementor-element elementor-element-03edb36 e-flex e-con-boxed e-con e-parent\" data-id=\"03edb36\" data-element_type=\"container\" data-e-type=\"container\">\n\t\t\t\t\t<div class=\"e-con-inner\">\n\t\t<div class=\"elementor-element elementor-element-6f16b6f e-con-full e-flex e-con e-child\" data-id=\"6f16b6f\" data-element_type=\"container\" data-e-type=\"container\">\n\t\t\t\t<div class=\"elementor-element elementor-element-10456c4 elementor-widget elementor-widget-heading\" data-id=\"10456c4\" data-element_type=\"widget\" data-e-type=\"widget\" data-widget_type=\"heading.default\">\n\t\t\t\t<div class=\"elementor-widget-container\">\n\t\t\t\t\t<h2 class=\"elementor-heading-title elementor-size-default\">R\u00e9sidences pour personnes ag\u00e9es (RPA)<\/h2>\t\t\t\t<\/div>\n\t\t\t\t<\/div>\n\t\t\t\t<\/div>\n\t\t<div class=\"elementor-element elementor-element-01f782d e-con-full e-flex e-con e-child\" data-id=\"01f782d\" data-element_type=\"container\" data-e-type=\"container\">\n\t\t\t\t<div class=\"elementor-element elementor-element-a7dd99d elementor-widget elementor-widget-text-editor\" data-id=\"a7dd99d\" data-element_type=\"widget\" data-e-type=\"widget\" data-widget_type=\"text-editor.default\">\n\t\t\t\t<div class=\"elementor-widget-container\">\n\t\t\t\t\t\t\t\t\t<p>Nous effectuons les livraison aussi dans les r\u00e9sidences des ain\u00e9es (RPA). Les principales r\u00e9sidences \u00e0 Trois-Rivi\u00e8res sont le Le Belv\u00e9d\u00e8re, R\u00e9sidences Le Manoir, Les Jardins Laviolette, Le Duplessis, Myosotis, Les Marronniers, R\u00e9sidence Jean-XXIII, Richelieu et Les B\u00e2tisseurs.<\/p>\t\t\t\t\t\t\t\t<\/div>\n\t\t\t\t<\/div>\n\t\t\t\t<\/div>\n\t\t\t\t\t<\/div>\n\t\t\t\t<\/div>\n\t\t<div class=\"elementor-element elementor-element-9d9714f e-flex e-con-boxed e-con e-parent\" data-id=\"9d9714f\" data-element_type=\"container\" data-e-type=\"container\">\n\t\t\t\t\t<div class=\"e-con-inner\">\n\t\t<div class=\"elementor-element elementor-element-c3f1e69 e-con-full e-flex e-con e-child\" data-id=\"c3f1e69\" data-element_type=\"container\" data-e-type=\"container\">\n\t\t\t\t<div class=\"elementor-element elementor-element-256aa91 elementor-widget elementor-widget-heading\" data-id=\"256aa91\" data-element_type=\"widget\" data-e-type=\"widget\" data-widget_type=\"heading.default\">\n\t\t\t\t<div class=\"elementor-widget-container\">\n\t\t\t\t\t<h2 class=\"elementor-heading-title elementor-size-default\">Salon fun\u00e9raire<\/h2>\t\t\t\t<\/div>\n\t\t\t\t<\/div>\n\t\t\t\t<\/div>\n\t\t\t\t<div class=\"elementor-element elementor-element-61321dd elementor-widget elementor-widget-text-editor\" data-id=\"61321dd\" data-element_type=\"widget\" data-e-type=\"widget\" data-widget_type=\"text-editor.default\">\n\t\t\t\t<div class=\"elementor-widget-container\">\n\t\t\t\t\t\t\t\t\t<p>Nous desservons tous les centres fun\u00e9raires de la r\u00e9gion de Trois-Rivi\u00e8res, Cap-de-la-Madeleine, St-Narcisse, St-Maurice, Champlain, Saint-Louis-de-France, Pointe-du-Lac, Maskinong\u00e9, Saint-Gr\u00e9goire, Sainte-Gertrude et Nicolet.<\/p><ul><li>Maison fun\u00e9raire Richard et Philibert<\/li><li>Centre fun\u00e9raire Rousseau<\/li><li>Maison fun\u00e9raire Saint-Louis<\/li><li>Coop\u00e9rative fun\u00e9raire de la Mauricie (Rochefort)<\/li><li>Complexe fun\u00e9raire JD Garneau<\/li><li>Centre fun\u00e9raire Chateaudun (St-Louis &amp;amp; St-Ours)<\/li><li>Salon Andr\u00e9 Trudel B\u00e9land (St-Louis-de-France, St-Narcisse, St-Maurice)<\/li><li>Centre fun\u00e9raire JN Rousseau (Nicolet)<\/li><li>Salon fun\u00e9raire Patrice Trod\u00e9chaud&amp;nbsp; et Fils (St-Maurice)<\/li><li>Salon J Philibert (St-\u00c9tienne-des-Gr\u00e8s et St-Boniface)<\/li><\/ul>\t\t\t\t\t\t\t\t<\/div>\n\t\t\t\t<\/div>\n\t\t\t\t\t<\/div>\n\t\t\t\t<\/div>\n\t\t<div class=\"elementor-element elementor-element-fc3e922 e-flex e-con-boxed e-con e-parent\" data-id=\"fc3e922\" data-element_type=\"container\" data-e-type=\"container\">\n\t\t\t\t\t<div class=\"e-con-inner\">\n\t\t<div class=\"elementor-element elementor-element-39a203c e-con-full e-flex e-con e-child\" data-id=\"39a203c\" data-element_type=\"container\" data-e-type=\"container\">\n\t\t\t\t<div class=\"elementor-element elementor-element-bc7ae6c elementor-widget elementor-widget-heading\" data-id=\"bc7ae6c\" data-element_type=\"widget\" data-e-type=\"widget\" data-widget_type=\"heading.default\">\n\t\t\t\t<div class=\"elementor-widget-container\">\n\t\t\t\t\t<h2 class=\"elementor-heading-title elementor-size-default\">Etreprises<\/h2>\t\t\t\t<\/div>\n\t\t\t\t<\/div>\n\t\t\t\t<\/div>\n\t\t\t\t<div class=\"elementor-element elementor-element-284a5c0 elementor-widget elementor-widget-text-editor\" data-id=\"284a5c0\" data-element_type=\"widget\" data-e-type=\"widget\" data-widget_type=\"text-editor.default\">\n\t\t\t\t<div class=\"elementor-widget-container\">\n\t\t\t\t\t\t\t\t\t<h4><span style=\"color: var( --e-global-color-text ); font-family: var( --e-global-typography-text-font-family ), Sans-serif; font-weight: var( --e-global-typography-text-font-weight ); text-align: var(--text-align); font-size: 16px;\">Nous effectuons aussi les livraisons en entreprises en respectant les heures d&rsquo;affaire. Nous offrons aussi des bouquets ou abonnements corporatifs pour les hotels, les commerces et les industriels.<\/span><\/h4><div><span style=\"color: var( --e-global-color-text ); font-family: var( --e-global-typography-text-font-family ), Sans-serif; font-weight: var( --e-global-typography-text-font-weight ); text-align: var(--text-align);\">Consultez la liste des tarifs ci-apr\u00e8s afin de conna\u00eetre le prix de votre livraison.<\/span><span style=\"color: var( --e-global-color-text ); font-family: var( --e-global-typography-text-font-family ), Sans-serif; font-weight: var( --e-global-typography-text-font-weight ); text-align: var(--text-align);\">\u00a0<\/span><\/div>\t\t\t\t\t\t\t\t<\/div>\n\t\t\t\t<\/div>\n\t\t\t\t\t<\/div>\n\t\t\t\t<\/div>\n\t\t<div class=\"elementor-element elementor-element-68e1523 e-flex e-con-boxed e-con e-parent\" data-id=\"68e1523\" data-element_type=\"container\" data-e-type=\"container\">\n\t\t\t\t\t<div class=\"e-con-inner\">\n\t\t<div class=\"elementor-element elementor-element-a91225e e-con-full e-flex e-con e-child\" data-id=\"a91225e\" data-element_type=\"container\" data-e-type=\"container\">\n\t\t\t\t<div class=\"elementor-element elementor-element-910aea0 elementor-widget elementor-widget-heading\" data-id=\"910aea0\" data-element_type=\"widget\" data-e-type=\"widget\" data-widget_type=\"heading.default\">\n\t\t\t\t<div class=\"elementor-widget-container\">\n\t\t\t\t\t<h2 class=\"elementor-heading-title elementor-size-default\">Dans la r\u00e9gion<\/h2>\t\t\t\t<\/div>\n\t\t\t\t<\/div>\n\t\t\t\t<\/div>\n\t\t<div class=\"elementor-element elementor-element-c9d3a61 e-con-full e-flex e-con e-child\" data-id=\"c9d3a61\" data-element_type=\"container\" data-e-type=\"container\">\n\t\t\t\t<div class=\"elementor-element elementor-element-213bdc5 elementor-widget elementor-widget-text-editor\" data-id=\"213bdc5\" data-element_type=\"widget\" data-e-type=\"widget\" data-widget_type=\"text-editor.default\">\n\t\t\t\t<div class=\"elementor-widget-container\">\n\t\t\t\t\t\t\t\t\t<p><strong>Secteur Trois-Rivi\u00e8res, Trois-Rivi\u00e8res-Ouest, Cap-de-la-Madeleine, Pointe-du-Lac<\/strong><br \/>Prix: 12,00 $<\/p><p><strong>Secteur de Sainte-Marthe-du-Cap et Saint-Louis-de-France<\/strong><br \/>Prix: 15,00 $<\/p><p><strong>Secteur Mont-Carmel, St-\u00c9tienne-des-Gr\u00e8s, Secteur Godefroy<\/strong><br \/>Prix: 15,00 $<\/p><p><strong>Secteur Yamachiche, St-Boniface, St-Gr\u00e9goire<\/strong><br \/>Prix: 20,00\u00a0$<\/p><p><span style=\"font-weight: bolder;\">Secteur Yamachiche, St-Boniface, Shawinigan, B\u00e9cancour, Sainte-Ang\u00e8le, Champlain, Saint-Maurice<\/span><br \/>Prix: 25,00\u00a0$<\/p><p><strong>Secteur Sainte-Anne-de-la-P\u00e9rade, Nicolet, Louiseville, Gentilly, St-Pierre-les-Becquets, Grand-M\u00e8re<\/strong><br \/>Prix: 35,00 $<\/p>\t\t\t\t\t\t\t\t<\/div>\n\t\t\t\t<\/div>\n\t\t\t\t<\/div>\n\t\t\t\t\t<\/div>\n\t\t\t\t<\/div>\n\t\t<div class=\"elementor-element elementor-element-64c61c6 e-flex e-con-boxed e-con e-parent\" data-id=\"64c61c6\" data-element_type=\"container\" data-e-type=\"container\">\n\t\t\t\t\t<div class=\"e-con-inner\">\n\t\t<div class=\"elementor-element elementor-element-ba75665 e-con-full e-flex e-con e-child\" data-id=\"ba75665\" data-element_type=\"container\" data-e-type=\"container\">\n\t\t\t\t<div class=\"elementor-element elementor-element-c81a31a elementor-widget elementor-widget-heading\" data-id=\"c81a31a\" data-element_type=\"widget\" data-e-type=\"widget\" data-widget_type=\"heading.default\">\n\t\t\t\t<div class=\"elementor-widget-container\">\n\t\t\t\t\t<h2 class=\"elementor-heading-title elementor-size-default\">Ailleurs dans le monde<\/h2>\t\t\t\t<\/div>\n\t\t\t\t<\/div>\n\t\t\t\t<\/div>\n\t\t<div class=\"elementor-element elementor-element-f73c925 e-con-full e-flex e-con e-child\" data-id=\"f73c925\" data-element_type=\"container\" data-e-type=\"container\">\n\t\t\t\t<div class=\"elementor-element elementor-element-d104276 elementor-widget elementor-widget-text-editor\" data-id=\"d104276\" data-element_type=\"widget\" data-e-type=\"widget\" data-widget_type=\"text-editor.default\">\n\t\t\t\t<div class=\"elementor-widget-container\">\n\t\t\t\t\t\t\t\t\tFleuriste Marie-Antoinette fait parti du r\u00e9seau FTD. Ces service vous permettent d&rsquo;offrir des fleurs partout au monde. Plus de d\u00e9tails en magasins.\t\t\t\t\t\t\t\t<\/div>\n\t\t\t\t<\/div>\n\t\t\t\t<\/div>\n\t\t\t\t\t<\/div>\n\t\t\t\t<\/div>\n\t\t\t\t<\/div>","protected":false},"excerpt":{"rendered":"<p>Fleuriste Marie-Antoinette vous offre le service de livraison lorsque vous commandez des fleurs avec nous. Le tarif d\u00e9pendra de l&rsquo;endroit o\u00f9 sera livr\u00e9 le bouquet. Le tarif peut varier entre 12,00$ et 35,00$ selon la distance a parcourir. Consultez la page qui suit afin de trouver le tarif d&rsquo;envoie de votre bouquet. Noter que les [&hellip;]<\/p>\n","protected":false},"author":1,"featured_media":0,"parent":0,"menu_order":0,"comment_status":"closed","ping_status":"closed","template":"templates\/fullwidth.php","meta":{"footnotes":""},"class_list":["post-1254","page","type-page","status-publish","hentry"],"_links":{"self":[{"href":"https:\/\/mesfleurs.ca\/en\/wp-json\/wp\/v2\/pages\/1254","targetHints":{"allow":["GET"]}}],"collection":[{"href":"https:\/\/mesfleurs.ca\/en\/wp-json\/wp\/v2\/pages"}],"about":[{"href":"https:\/\/mesfleurs.ca\/en\/wp-json\/wp\/v2\/types\/page"}],"author":[{"embeddable":true,"href":"https:\/\/mesfleurs.ca\/en\/wp-json\/wp\/v2\/users\/1"}],"replies":[{"embeddable":true,"href":"https:\/\/mesfleurs.ca\/en\/wp-json\/wp\/v2\/comments?post=1254"}],"version-history":[{"count":0,"href":"https:\/\/mesfleurs.ca\/en\/wp-json\/wp\/v2\/pages\/1254\/revisions"}],"wp:attachment":[{"href":"https:\/\/mesfleurs.ca\/en\/wp-json\/wp\/v2\/media?parent=1254"}],"curies":[{"name":"wp","href":"https:\/\/api.w.org\/{rel}","templated":true}]}}