{"id":1008,"date":"2024-09-30T12:49:35","date_gmt":"2024-09-30T17:49:35","guid":{"rendered":"https:\/\/834.d17.mytemp.website\/?post_type=product&#038;p=1008"},"modified":"2024-12-02T09:31:09","modified_gmt":"2024-12-02T14:31:09","slug":"rose-eternelle-petit-prince","status":"publish","type":"product","link":"https:\/\/mesfleurs.ca\/en\/product\/rose-eternelle-petit-prince\/","title":{"rendered":"Rose \u00e9ternelle \u00ab\u00a0Petit prince\u00a0\u00bb"},"content":{"rendered":"<p>Rose \u00e9ternelle dans le th\u00e8me du Petit prince dans un r\u00e9cipient transparent avec une base en bois.<\/p>\n<p>Une belle rose \u00e9ternelle rouge orne cet arrangement.<\/p>","protected":false},"excerpt":{"rendered":"<p>Rose \u00e9ternelle sous le th\u00e8me du Petit prince pr\u00e9sent\u00e9 dans une cloche de verre transparent avec une base en bois<\/p>","protected":false},"featured_media":19428,"comment_status":"closed","ping_status":"closed","template":"","meta":[],"product_brand":[],"product_cat":[83,40,34,73],"product_tag":[],"class_list":{"0":"post-1008","1":"product","2":"type-product","3":"status-publish","4":"has-post-thumbnail","6":"product_cat-saint-valentin","7":"product_cat-naissance","8":"product_cat-noel","9":"product_cat-roses-eternelles","11":"first","12":"outofstock","13":"sold-individually","14":"taxable","15":"shipping-taxable","16":"purchasable","17":"product-type-simple"},"_links":{"self":[{"href":"https:\/\/mesfleurs.ca\/en\/wp-json\/wp\/v2\/product\/1008","targetHints":{"allow":["GET"]}}],"collection":[{"href":"https:\/\/mesfleurs.ca\/en\/wp-json\/wp\/v2\/product"}],"about":[{"href":"https:\/\/mesfleurs.ca\/en\/wp-json\/wp\/v2\/types\/product"}],"replies":[{"embeddable":true,"href":"https:\/\/mesfleurs.ca\/en\/wp-json\/wp\/v2\/comments?post=1008"}],"wp:featuredmedia":[{"embeddable":true,"href":"https:\/\/mesfleurs.ca\/en\/wp-json\/wp\/v2\/media\/19428"}],"wp:attachment":[{"href":"https:\/\/mesfleurs.ca\/en\/wp-json\/wp\/v2\/media?parent=1008"}],"wp:term":[{"taxonomy":"product_brand","embeddable":true,"href":"https:\/\/mesfleurs.ca\/en\/wp-json\/wp\/v2\/product_brand?post=1008"},{"taxonomy":"product_cat","embeddable":true,"href":"https:\/\/mesfleurs.ca\/en\/wp-json\/wp\/v2\/product_cat?post=1008"},{"taxonomy":"product_tag","embeddable":true,"href":"https:\/\/mesfleurs.ca\/en\/wp-json\/wp\/v2\/product_tag?post=1008"}],"curies":[{"name":"wp","href":"https:\/\/api.w.org\/{rel}","templated":true}]}}