{"id":1015,"date":"2024-09-30T12:50:00","date_gmt":"2024-09-30T17:50:00","guid":{"rendered":"https:\/\/834.d17.mytemp.website\/?post_type=product&#038;p=1015"},"modified":"2025-12-15T12:13:15","modified_gmt":"2025-12-15T17:13:15","slug":"centre-de-table-de-noel-3","status":"publish","type":"product","link":"https:\/\/mesfleurs.ca\/en\/product\/centre-de-table-de-noel-3\/","title":{"rendered":"Centre de table de No\u00ebl"},"content":{"rendered":"<p>Centre de table des f\u00eates qui se fera remarquer!\u00a0Id\u00e9al pour d\u00e9corer les tables lors de vos r\u00e9ception.<\/p>\n<p>R\u00e9servez-le sans tarder ! Peut-\u00eatre pour le bureau ? Ou comme cadeau pour les clients &#8230;<\/p>","protected":false},"excerpt":{"rendered":"<p>Centre de table des f\u00eates qui se fera remarquer!\u00a0Id\u00e9al pour d\u00e9corer les tables lors de vos r\u00e9ception.<\/p>\n<p>R\u00e9servez-le sans tarder ! Peut-\u00eatre pour le bureau ? Ou comme cadeau pour les clients &#8230;<\/p>","protected":false},"featured_media":19433,"comment_status":"closed","ping_status":"closed","template":"","meta":[],"product_brand":[],"product_cat":[34],"product_tag":[],"class_list":{"0":"post-1015","1":"product","2":"type-product","3":"status-publish","4":"has-post-thumbnail","6":"product_cat-noel","8":"first","9":"instock","10":"taxable","11":"shipping-taxable","12":"purchasable","13":"product-type-simple"},"_links":{"self":[{"href":"https:\/\/mesfleurs.ca\/en\/wp-json\/wp\/v2\/product\/1015","targetHints":{"allow":["GET"]}}],"collection":[{"href":"https:\/\/mesfleurs.ca\/en\/wp-json\/wp\/v2\/product"}],"about":[{"href":"https:\/\/mesfleurs.ca\/en\/wp-json\/wp\/v2\/types\/product"}],"replies":[{"embeddable":true,"href":"https:\/\/mesfleurs.ca\/en\/wp-json\/wp\/v2\/comments?post=1015"}],"wp:featuredmedia":[{"embeddable":true,"href":"https:\/\/mesfleurs.ca\/en\/wp-json\/wp\/v2\/media\/19433"}],"wp:attachment":[{"href":"https:\/\/mesfleurs.ca\/en\/wp-json\/wp\/v2\/media?parent=1015"}],"wp:term":[{"taxonomy":"product_brand","embeddable":true,"href":"https:\/\/mesfleurs.ca\/en\/wp-json\/wp\/v2\/product_brand?post=1015"},{"taxonomy":"product_cat","embeddable":true,"href":"https:\/\/mesfleurs.ca\/en\/wp-json\/wp\/v2\/product_cat?post=1015"},{"taxonomy":"product_tag","embeddable":true,"href":"https:\/\/mesfleurs.ca\/en\/wp-json\/wp\/v2\/product_tag?post=1015"}],"curies":[{"name":"wp","href":"https:\/\/api.w.org\/{rel}","templated":true}]}}