{"id":1183,"date":"2024-10-02T17:23:51","date_gmt":"2024-10-02T17:23:51","guid":{"rendered":"https:\/\/834.d17.mytemp.website\/?post_type=product&#038;p=1183"},"modified":"2024-12-12T11:38:18","modified_gmt":"2024-12-12T16:38:18","slug":"lait-nettoyant-et-bain-moussant","status":"publish","type":"product","link":"https:\/\/mesfleurs.ca\/en\/product\/lait-nettoyant-et-bain-moussant\/","title":{"rendered":"Lait nettoyant et bain moussant"},"content":{"rendered":"<p>Sa texture lact\u00e9e nettoie la peau d\u00e9licatement et laisse la peau infiniment douce et hydrat\u00e9e. C\u2019est un 2 en 1 pour la douche et le bain.<\/p>\n<p>Ingr\u00e9dients<\/p>\n<ul>\n<li>Extrait de racine de pivoine : stimuler la clart\u00e9 de la peau<\/li>\n<li>Huile de cam\u00e9line : maintenir l&rsquo;hydratation cutan\u00e9e<\/li>\n<li>Vitamine E : Nourrir la peau<\/li>\n<\/ul>\n<p>Bienfaits<\/p>\n<ul>\n<li>R\u00e9duit l\u2019apparence des cicatrices ou des taches pigmentaires<\/li>\n<li>Hydratation<\/li>\n<li>Pr\u00e9vention du vieillissement<\/li>\n<li>Antioxydants<\/li>\n<\/ul>","protected":false},"excerpt":{"rendered":"<p>Sa texture lact\u00e9e nettoie la peau d\u00e9licatement et laisse la peau infiniment douce et hydrat\u00e9e. C\u2019est un 2 en 1 pour la douche et le bain. Ingr\u00e9dients Extrait de racine de pivoine : stimuler la clart\u00e9 de la peau Huile de cam\u00e9line : maintenir l&rsquo;hydratation cutan\u00e9e Vitamine E : Nourrir la peau Bienfaits R\u00e9duit l\u2019apparence [&hellip;]<\/p>\n","protected":false},"featured_media":1184,"comment_status":"open","ping_status":"closed","template":"","meta":[],"product_brand":[],"product_cat":[79,94],"product_tag":[],"class_list":{"0":"post-1183","1":"product","2":"type-product","3":"status-publish","4":"has-post-thumbnail","6":"product_cat-pivoinerielili","7":"product_cat-merci","9":"first","10":"instock","11":"taxable","12":"shipping-taxable","13":"purchasable","14":"product-type-simple"},"_links":{"self":[{"href":"https:\/\/mesfleurs.ca\/en\/wp-json\/wp\/v2\/product\/1183","targetHints":{"allow":["GET"]}}],"collection":[{"href":"https:\/\/mesfleurs.ca\/en\/wp-json\/wp\/v2\/product"}],"about":[{"href":"https:\/\/mesfleurs.ca\/en\/wp-json\/wp\/v2\/types\/product"}],"replies":[{"embeddable":true,"href":"https:\/\/mesfleurs.ca\/en\/wp-json\/wp\/v2\/comments?post=1183"}],"wp:featuredmedia":[{"embeddable":true,"href":"https:\/\/mesfleurs.ca\/en\/wp-json\/wp\/v2\/media\/1184"}],"wp:attachment":[{"href":"https:\/\/mesfleurs.ca\/en\/wp-json\/wp\/v2\/media?parent=1183"}],"wp:term":[{"taxonomy":"product_brand","embeddable":true,"href":"https:\/\/mesfleurs.ca\/en\/wp-json\/wp\/v2\/product_brand?post=1183"},{"taxonomy":"product_cat","embeddable":true,"href":"https:\/\/mesfleurs.ca\/en\/wp-json\/wp\/v2\/product_cat?post=1183"},{"taxonomy":"product_tag","embeddable":true,"href":"https:\/\/mesfleurs.ca\/en\/wp-json\/wp\/v2\/product_tag?post=1183"}],"curies":[{"name":"wp","href":"https:\/\/api.w.org\/{rel}","templated":true}]}}