{"id":1198,"date":"2024-10-02T18:19:01","date_gmt":"2024-10-02T18:19:01","guid":{"rendered":"https:\/\/834.d17.mytemp.website\/?post_type=product&#038;p=1198"},"modified":"2025-12-01T16:18:31","modified_gmt":"2025-12-01T21:18:31","slug":"chandelle-maree","status":"publish","type":"product","link":"https:\/\/mesfleurs.ca\/en\/product\/chandelle-maree\/","title":{"rendered":"Chandelle Mar\u00e9e"},"content":{"rendered":"<p>Issu de la rencontre inattendue de deux femmes passionn\u00e9es de projets,\u00a0Mar\u00e9e Chandelles vous propose une gamme de produits cr\u00e9\u00e9e avec un objectif bien d\u00e9fini; celui de rendre vos moments de d\u00e9tente exceptionnels. Fragrances vari\u00e9es, designs cr\u00e9atifs, mat\u00e9riaux naturels de qualit\u00e9; tous les \u00e9l\u00e9ments gagnants sont r\u00e9unis pour que ces produits fassent partie de vos incontournables.<\/p>\n<p>Les chandelles sont sans contredit le produit vedette de l\u2019entreprise, et ce, depuis ses tout d\u00e9buts. Elles sont con\u00e7ues avec de la cire de soya \u00e9cologique cultiv\u00e9e de fa\u00e7on biologique et ont une plus grande dur\u00e9e de vie, puisque cette cire br\u00fble jusqu\u2019\u00e0 40% plus longtemps que les cires conventionnelles.\u00a0Mar\u00e9e chandelles utilise \u00e9galement des fragrances naturelles choisies m\u00e9ticuleusement pour concevoir des chandelles qui, en plus de sentir divinement bon, ne contiennent aucun agent toxique et sont douces pour l\u2019environnement.<\/p>","protected":false},"excerpt":{"rendered":"<p>Issu de la rencontre inattendue de deux femmes passionn\u00e9es de projets,\u00a0Mar\u00e9e Chandelles vous propose une gamme de produits cr\u00e9\u00e9e avec un objectif bien d\u00e9fini; celui de rendre vos moments de d\u00e9tente exceptionnels. Fragrances vari\u00e9es, designs cr\u00e9atifs, mat\u00e9riaux naturels de qualit\u00e9; tous les \u00e9l\u00e9ments gagnants sont r\u00e9unis pour que ces produits fassent partie de vos incontournables.<\/p>\n<p>Les chandelles sont sans contredit le produit vedette de l\u2019entreprise, et ce, depuis ses tout d\u00e9buts. Elles sont con\u00e7ues avec de la cire de soya \u00e9cologique cultiv\u00e9e de fa\u00e7on biologique et ont une plus grande dur\u00e9e de vie, puisque cette cire br\u00fble jusqu\u2019\u00e0 40% plus longtemps que les cires conventionnelles.\u00a0Mar\u00e9e chandelles utilise \u00e9galement des fragrances naturelles choisies m\u00e9ticuleusement pour concevoir des chandelles qui, en plus de sentir divinement bon, ne contiennent aucun agent toxique et sont douces pour l\u2019environnement.<\/p>","protected":false},"featured_media":19349,"comment_status":"open","ping_status":"closed","template":"","meta":[],"product_brand":[],"product_cat":[80,94],"product_tag":[],"class_list":{"0":"post-1198","1":"product","2":"type-product","3":"status-publish","4":"has-post-thumbnail","6":"product_cat-maree","7":"product_cat-merci","9":"first","10":"instock","11":"featured","12":"taxable","13":"shipping-taxable","14":"purchasable","15":"product-type-variable"},"_links":{"self":[{"href":"https:\/\/mesfleurs.ca\/en\/wp-json\/wp\/v2\/product\/1198","targetHints":{"allow":["GET"]}}],"collection":[{"href":"https:\/\/mesfleurs.ca\/en\/wp-json\/wp\/v2\/product"}],"about":[{"href":"https:\/\/mesfleurs.ca\/en\/wp-json\/wp\/v2\/types\/product"}],"replies":[{"embeddable":true,"href":"https:\/\/mesfleurs.ca\/en\/wp-json\/wp\/v2\/comments?post=1198"}],"wp:featuredmedia":[{"embeddable":true,"href":"https:\/\/mesfleurs.ca\/en\/wp-json\/wp\/v2\/media\/19349"}],"wp:attachment":[{"href":"https:\/\/mesfleurs.ca\/en\/wp-json\/wp\/v2\/media?parent=1198"}],"wp:term":[{"taxonomy":"product_brand","embeddable":true,"href":"https:\/\/mesfleurs.ca\/en\/wp-json\/wp\/v2\/product_brand?post=1198"},{"taxonomy":"product_cat","embeddable":true,"href":"https:\/\/mesfleurs.ca\/en\/wp-json\/wp\/v2\/product_cat?post=1198"},{"taxonomy":"product_tag","embeddable":true,"href":"https:\/\/mesfleurs.ca\/en\/wp-json\/wp\/v2\/product_tag?post=1198"}],"curies":[{"name":"wp","href":"https:\/\/api.w.org\/{rel}","templated":true}]}}