{"id":1289,"date":"2024-10-02T22:18:28","date_gmt":"2024-10-02T22:18:28","guid":{"rendered":"https:\/\/834.d17.mytemp.website\/?post_type=product&#038;p=1289"},"modified":"2024-12-12T12:10:10","modified_gmt":"2024-12-12T17:10:10","slug":"eau-de-linge-pivoine","status":"publish","type":"product","link":"https:\/\/mesfleurs.ca\/en\/product\/eau-de-linge-pivoine\/","title":{"rendered":"Eau de linge Pivoine"},"content":{"rendered":"<p>Cette eau de linge encourage le changement et le bonheur.<\/p>\n<p>Vaporisez-la partout autour de vous\u00a0: dans l\u2019air comme sur des tissus. L\u2019eau de linge laisse un parfum doux, frais, et ne tache pas.<\/p>\n<p><em>Vous adorerez notre fragrance signature Pivoine :<\/em><\/p>\n<p><em>une fragrance f\u00e9minine, fra\u00eeche et fleurie : des pivoines fra\u00eechement coup\u00e9es au champ et port\u00e9es par le vent \u2014 de notre pr\u00e9 jusqu\u2019\u00e0 vous.<\/em><\/p>\n<p><em>Notre fragrance est compos\u00e9e d\u2019un m\u00e9lange doux frais, &amp; d\u00e9licat de p\u00e9tales de pivoines, de ch\u00e8vrefeuille, de magnolia et de notes bois\u00e9es.<\/em><\/p>\n<p><strong>Les notes de notre fragrance Pivoine\u00a0:<\/strong><\/p>\n<p>Notes de t\u00eate\u00a0: Pivoines<\/p>\n<p>Notes de c\u0153ur\u00a0: Ch\u00e8vrefeuille, Magnolia sauvage<\/p>\n<p>Notes de fond\u00a0: Sapin baumier, Musc<\/p>\n<p><strong>Deux formats disponibles:<\/strong><\/p>\n<p>&#8211; 235 ml<\/p>\n<p>&#8211; 50 ml:\u00a0\u00a0id\u00e9al pour le sac \u00e0 main, la voiture, la valise \u2013 rafraichir l\u2019ambiance et les tissus \u00e0 tout moment.<\/p>\n<p><strong>Caract\u00e9ristiques:<\/strong><\/p>\n<ul>\n<li aria-level=\"1\">D\u00e9sodorise<\/li>\n<li aria-level=\"1\">Parfume<\/li>\n<\/ul>","protected":false},"excerpt":{"rendered":"<p>Cette eau de linge encourage le changement et le bonheur. Vaporisez-la partout autour de vous\u00a0: dans l\u2019air comme sur des tissus. L\u2019eau de linge laisse un parfum doux, frais, et ne tache pas. Vous adorerez notre fragrance signature Pivoine : une fragrance f\u00e9minine, fra\u00eeche et fleurie : des pivoines fra\u00eechement coup\u00e9es au champ et port\u00e9es [&hellip;]<\/p>\n","protected":false},"featured_media":1291,"comment_status":"open","ping_status":"closed","template":"","meta":[],"product_brand":[],"product_cat":[79,94],"product_tag":[],"class_list":{"0":"post-1289","1":"product","2":"type-product","3":"status-publish","4":"has-post-thumbnail","6":"product_cat-pivoinerielili","7":"product_cat-merci","9":"first","10":"instock","11":"featured","12":"taxable","13":"shipping-taxable","14":"purchasable","15":"product-type-variable"},"_links":{"self":[{"href":"https:\/\/mesfleurs.ca\/en\/wp-json\/wp\/v2\/product\/1289","targetHints":{"allow":["GET"]}}],"collection":[{"href":"https:\/\/mesfleurs.ca\/en\/wp-json\/wp\/v2\/product"}],"about":[{"href":"https:\/\/mesfleurs.ca\/en\/wp-json\/wp\/v2\/types\/product"}],"replies":[{"embeddable":true,"href":"https:\/\/mesfleurs.ca\/en\/wp-json\/wp\/v2\/comments?post=1289"}],"wp:featuredmedia":[{"embeddable":true,"href":"https:\/\/mesfleurs.ca\/en\/wp-json\/wp\/v2\/media\/1291"}],"wp:attachment":[{"href":"https:\/\/mesfleurs.ca\/en\/wp-json\/wp\/v2\/media?parent=1289"}],"wp:term":[{"taxonomy":"product_brand","embeddable":true,"href":"https:\/\/mesfleurs.ca\/en\/wp-json\/wp\/v2\/product_brand?post=1289"},{"taxonomy":"product_cat","embeddable":true,"href":"https:\/\/mesfleurs.ca\/en\/wp-json\/wp\/v2\/product_cat?post=1289"},{"taxonomy":"product_tag","embeddable":true,"href":"https:\/\/mesfleurs.ca\/en\/wp-json\/wp\/v2\/product_tag?post=1289"}],"curies":[{"name":"wp","href":"https:\/\/api.w.org\/{rel}","templated":true}]}}