{"id":19369,"date":"2024-11-20T11:03:39","date_gmt":"2024-11-20T16:03:39","guid":{"rendered":"https:\/\/mesfleurs.ca\/?post_type=product&#038;p=19369"},"modified":"2024-11-20T11:03:40","modified_gmt":"2024-11-20T16:03:40","slug":"coussin-durne-blanc-avec-une-orchidee","status":"publish","type":"product","link":"https:\/\/mesfleurs.ca\/en\/product\/coussin-durne-blanc-avec-une-orchidee\/","title":{"rendered":"Coussin d&rsquo;urne blanc avec une orchid\u00e9e"},"content":{"rendered":"<p>Ce coussin d&rsquo;urne tout blanc incarne la puret\u00e9 et la s\u00e9r\u00e9nit\u00e9, id\u00e9al pour rendre hommage avec \u00e9l\u00e9gance. Compos\u00e9 de fleurs blanches soigneusement s\u00e9lectionn\u00e9es, il est sublim\u00e9 par une d\u00e9licate orchid\u00e9e blanche, symbole de respect et d&rsquo;\u00e9ternit\u00e9. Une cr\u00e9ation florale sobre et raffin\u00e9e, parfaite pour accompagner vos pens\u00e9es dans un moment de recueillement.<\/p>","protected":false},"excerpt":{"rendered":"<p>Ce coussin d&rsquo;urne tout blanc incarne la puret\u00e9 et la s\u00e9r\u00e9nit\u00e9, id\u00e9al pour rendre hommage avec \u00e9l\u00e9gance. Compos\u00e9 de fleurs blanches soigneusement s\u00e9lectionn\u00e9es, il est sublim\u00e9 par une d\u00e9licate orchid\u00e9e blanche, symbole de respect et d&rsquo;\u00e9ternit\u00e9. Une cr\u00e9ation florale sobre et raffin\u00e9e, parfaite pour accompagner vos pens\u00e9es dans un moment de recueillement.<\/p>","protected":false},"featured_media":19370,"comment_status":"open","ping_status":"closed","template":"","meta":[],"product_brand":[],"product_cat":[37],"product_tag":[],"class_list":{"0":"post-19369","1":"product","2":"type-product","3":"status-publish","4":"has-post-thumbnail","6":"product_cat-coussin-durne","8":"first","9":"instock","10":"taxable","11":"shipping-taxable","12":"purchasable","13":"product-type-simple"},"_links":{"self":[{"href":"https:\/\/mesfleurs.ca\/en\/wp-json\/wp\/v2\/product\/19369","targetHints":{"allow":["GET"]}}],"collection":[{"href":"https:\/\/mesfleurs.ca\/en\/wp-json\/wp\/v2\/product"}],"about":[{"href":"https:\/\/mesfleurs.ca\/en\/wp-json\/wp\/v2\/types\/product"}],"replies":[{"embeddable":true,"href":"https:\/\/mesfleurs.ca\/en\/wp-json\/wp\/v2\/comments?post=19369"}],"wp:featuredmedia":[{"embeddable":true,"href":"https:\/\/mesfleurs.ca\/en\/wp-json\/wp\/v2\/media\/19370"}],"wp:attachment":[{"href":"https:\/\/mesfleurs.ca\/en\/wp-json\/wp\/v2\/media?parent=19369"}],"wp:term":[{"taxonomy":"product_brand","embeddable":true,"href":"https:\/\/mesfleurs.ca\/en\/wp-json\/wp\/v2\/product_brand?post=19369"},{"taxonomy":"product_cat","embeddable":true,"href":"https:\/\/mesfleurs.ca\/en\/wp-json\/wp\/v2\/product_cat?post=19369"},{"taxonomy":"product_tag","embeddable":true,"href":"https:\/\/mesfleurs.ca\/en\/wp-json\/wp\/v2\/product_tag?post=19369"}],"curies":[{"name":"wp","href":"https:\/\/api.w.org\/{rel}","templated":true}]}}