{"id":19371,"date":"2024-11-20T11:11:40","date_gmt":"2024-11-20T16:11:40","guid":{"rendered":"https:\/\/mesfleurs.ca\/?post_type=product&#038;p=19371"},"modified":"2024-11-20T11:11:40","modified_gmt":"2024-11-20T16:11:40","slug":"coussin-durne-mauve-et-blanc-avec-des-oiseaux-du-paradis","status":"publish","type":"product","link":"https:\/\/mesfleurs.ca\/en\/product\/coussin-durne-mauve-et-blanc-avec-des-oiseaux-du-paradis\/","title":{"rendered":"Coussin d&rsquo;urne mauve et blanc avec des oiseaux du paradis"},"content":{"rendered":"<p>Ce coussin d&rsquo;urne blanc et mauve allie douceur et sophistication, offrant un hommage fleuri empreint d&rsquo;\u00e9l\u00e9gance. Les teintes d\u00e9licates de blanc et de mauve se marient harmonieusement, rehauss\u00e9es par la pr\u00e9sence majestueuse des oiseaux du paradis, symboles de paix et d\u2019\u00e9l\u00e9vation. Une cr\u00e9ation unique et po\u00e9tique, parfaite pour accompagner un dernier adieu avec gr\u00e2ce et s\u00e9r\u00e9nit\u00e9.<\/p>","protected":false},"excerpt":{"rendered":"<p>Ce coussin d&rsquo;urne blanc et mauve allie douceur et sophistication, offrant un hommage fleuri empreint d&rsquo;\u00e9l\u00e9gance. Les teintes d\u00e9licates de blanc et de mauve se marient harmonieusement, rehauss\u00e9es par la pr\u00e9sence majestueuse des oiseaux du paradis, symboles de paix et d\u2019\u00e9l\u00e9vation. Une cr\u00e9ation unique et po\u00e9tique, parfaite pour accompagner un dernier adieu avec gr\u00e2ce et s\u00e9r\u00e9nit\u00e9.<\/p>","protected":false},"featured_media":19372,"comment_status":"open","ping_status":"closed","template":"","meta":[],"product_brand":[],"product_cat":[37],"product_tag":[],"class_list":{"0":"post-19371","1":"product","2":"type-product","3":"status-publish","4":"has-post-thumbnail","6":"product_cat-coussin-durne","8":"first","9":"instock","10":"taxable","11":"shipping-taxable","12":"purchasable","13":"product-type-simple"},"_links":{"self":[{"href":"https:\/\/mesfleurs.ca\/en\/wp-json\/wp\/v2\/product\/19371","targetHints":{"allow":["GET"]}}],"collection":[{"href":"https:\/\/mesfleurs.ca\/en\/wp-json\/wp\/v2\/product"}],"about":[{"href":"https:\/\/mesfleurs.ca\/en\/wp-json\/wp\/v2\/types\/product"}],"replies":[{"embeddable":true,"href":"https:\/\/mesfleurs.ca\/en\/wp-json\/wp\/v2\/comments?post=19371"}],"wp:featuredmedia":[{"embeddable":true,"href":"https:\/\/mesfleurs.ca\/en\/wp-json\/wp\/v2\/media\/19372"}],"wp:attachment":[{"href":"https:\/\/mesfleurs.ca\/en\/wp-json\/wp\/v2\/media?parent=19371"}],"wp:term":[{"taxonomy":"product_brand","embeddable":true,"href":"https:\/\/mesfleurs.ca\/en\/wp-json\/wp\/v2\/product_brand?post=19371"},{"taxonomy":"product_cat","embeddable":true,"href":"https:\/\/mesfleurs.ca\/en\/wp-json\/wp\/v2\/product_cat?post=19371"},{"taxonomy":"product_tag","embeddable":true,"href":"https:\/\/mesfleurs.ca\/en\/wp-json\/wp\/v2\/product_tag?post=19371"}],"curies":[{"name":"wp","href":"https:\/\/api.w.org\/{rel}","templated":true}]}}