{"id":19374,"date":"2024-11-20T11:53:44","date_gmt":"2024-11-20T16:53:44","guid":{"rendered":"https:\/\/mesfleurs.ca\/?post_type=product&#038;p=19374"},"modified":"2024-11-20T11:53:44","modified_gmt":"2024-11-20T16:53:44","slug":"coussin-de-cercueil-rose","status":"publish","type":"product","link":"https:\/\/mesfleurs.ca\/en\/product\/coussin-de-cercueil-rose\/","title":{"rendered":"Coussin de cercueil rose"},"content":{"rendered":"<p>Ce coussin de cercueil tout rose exprime une tendresse infinie et une profonde douceur. Compos\u00e9 de fleurs soigneusement s\u00e9lectionn\u00e9es dans des nuances de rose, il \u00e9voque l\u2019amour, le respect et la s\u00e9r\u00e9nit\u00e9. Cette cr\u00e9ation florale \u00e9l\u00e9gante offre un hommage empreint de d\u00e9licatesse, id\u00e9al pour honorer avec affection la m\u00e9moire d\u2019un \u00eatre cher.<\/p>","protected":false},"excerpt":{"rendered":"<p>Ce coussin de cercueil tout rose exprime une tendresse infinie et une profonde douceur. Compos\u00e9 de fleurs soigneusement s\u00e9lectionn\u00e9es dans des nuances de rose, il \u00e9voque l\u2019amour, le respect et la s\u00e9r\u00e9nit\u00e9. Cette cr\u00e9ation florale \u00e9l\u00e9gante offre un hommage empreint de d\u00e9licatesse, id\u00e9al pour honorer avec affection la m\u00e9moire d\u2019un \u00eatre cher.<\/p>","protected":false},"featured_media":19375,"comment_status":"open","ping_status":"closed","template":"","meta":[],"product_brand":[],"product_cat":[71],"product_tag":[],"class_list":{"0":"post-19374","1":"product","2":"type-product","3":"status-publish","4":"has-post-thumbnail","6":"product_cat-coussin-de-cercueil","8":"first","9":"instock","10":"taxable","11":"shipping-taxable","12":"purchasable","13":"product-type-simple"},"_links":{"self":[{"href":"https:\/\/mesfleurs.ca\/en\/wp-json\/wp\/v2\/product\/19374","targetHints":{"allow":["GET"]}}],"collection":[{"href":"https:\/\/mesfleurs.ca\/en\/wp-json\/wp\/v2\/product"}],"about":[{"href":"https:\/\/mesfleurs.ca\/en\/wp-json\/wp\/v2\/types\/product"}],"replies":[{"embeddable":true,"href":"https:\/\/mesfleurs.ca\/en\/wp-json\/wp\/v2\/comments?post=19374"}],"wp:featuredmedia":[{"embeddable":true,"href":"https:\/\/mesfleurs.ca\/en\/wp-json\/wp\/v2\/media\/19375"}],"wp:attachment":[{"href":"https:\/\/mesfleurs.ca\/en\/wp-json\/wp\/v2\/media?parent=19374"}],"wp:term":[{"taxonomy":"product_brand","embeddable":true,"href":"https:\/\/mesfleurs.ca\/en\/wp-json\/wp\/v2\/product_brand?post=19374"},{"taxonomy":"product_cat","embeddable":true,"href":"https:\/\/mesfleurs.ca\/en\/wp-json\/wp\/v2\/product_cat?post=19374"},{"taxonomy":"product_tag","embeddable":true,"href":"https:\/\/mesfleurs.ca\/en\/wp-json\/wp\/v2\/product_tag?post=19374"}],"curies":[{"name":"wp","href":"https:\/\/api.w.org\/{rel}","templated":true}]}}