{"id":19376,"date":"2024-11-20T11:57:26","date_gmt":"2024-11-20T16:57:26","guid":{"rendered":"https:\/\/mesfleurs.ca\/?post_type=product&#038;p=19376"},"modified":"2024-11-20T11:57:27","modified_gmt":"2024-11-20T16:57:27","slug":"coussin-durne-blanc","status":"publish","type":"product","link":"https:\/\/mesfleurs.ca\/en\/product\/coussin-durne-blanc\/","title":{"rendered":"Coussin d&rsquo;urne blanc"},"content":{"rendered":"<p>Ce coussin d&rsquo;urne, d\u00e9licatement orn\u00e9 de callas et de roses blanches, incarne la puret\u00e9 et la gr\u00e2ce. Les callas, symboles d&rsquo;\u00e9l\u00e9gance et de s\u00e9r\u00e9nit\u00e9, se marient harmonieusement aux roses blanches, repr\u00e9sentant l&rsquo;amour \u00e9ternel et le respect. Une composition sobre et raffin\u00e9e, parfaite pour accompagner un dernier adieu empli de dignit\u00e9 et d&rsquo;\u00e9motion.<\/p>","protected":false},"excerpt":{"rendered":"<p>Ce coussin d&rsquo;urne, d\u00e9licatement orn\u00e9 de callas et de roses blanches, incarne la puret\u00e9 et la gr\u00e2ce. Les callas, symboles d&rsquo;\u00e9l\u00e9gance et de s\u00e9r\u00e9nit\u00e9, se marient harmonieusement aux roses blanches, repr\u00e9sentant l&rsquo;amour \u00e9ternel et le respect. Une composition sobre et raffin\u00e9e, parfaite pour accompagner un dernier adieu empli de dignit\u00e9 et d&rsquo;\u00e9motion.<\/p>","protected":false},"featured_media":19377,"comment_status":"open","ping_status":"closed","template":"","meta":[],"product_brand":[],"product_cat":[37],"product_tag":[],"class_list":{"0":"post-19376","1":"product","2":"type-product","3":"status-publish","4":"has-post-thumbnail","6":"product_cat-coussin-durne","8":"first","9":"instock","10":"taxable","11":"shipping-taxable","12":"purchasable","13":"product-type-simple"},"_links":{"self":[{"href":"https:\/\/mesfleurs.ca\/en\/wp-json\/wp\/v2\/product\/19376","targetHints":{"allow":["GET"]}}],"collection":[{"href":"https:\/\/mesfleurs.ca\/en\/wp-json\/wp\/v2\/product"}],"about":[{"href":"https:\/\/mesfleurs.ca\/en\/wp-json\/wp\/v2\/types\/product"}],"replies":[{"embeddable":true,"href":"https:\/\/mesfleurs.ca\/en\/wp-json\/wp\/v2\/comments?post=19376"}],"wp:featuredmedia":[{"embeddable":true,"href":"https:\/\/mesfleurs.ca\/en\/wp-json\/wp\/v2\/media\/19377"}],"wp:attachment":[{"href":"https:\/\/mesfleurs.ca\/en\/wp-json\/wp\/v2\/media?parent=19376"}],"wp:term":[{"taxonomy":"product_brand","embeddable":true,"href":"https:\/\/mesfleurs.ca\/en\/wp-json\/wp\/v2\/product_brand?post=19376"},{"taxonomy":"product_cat","embeddable":true,"href":"https:\/\/mesfleurs.ca\/en\/wp-json\/wp\/v2\/product_cat?post=19376"},{"taxonomy":"product_tag","embeddable":true,"href":"https:\/\/mesfleurs.ca\/en\/wp-json\/wp\/v2\/product_tag?post=19376"}],"curies":[{"name":"wp","href":"https:\/\/api.w.org\/{rel}","templated":true}]}}