{"id":19391,"date":"2024-11-28T16:44:18","date_gmt":"2024-11-28T21:44:18","guid":{"rendered":"https:\/\/mesfleurs.ca\/?post_type=product&#038;p=19391"},"modified":"2024-12-12T11:37:29","modified_gmt":"2024-12-12T16:37:29","slug":"tillandsia-dans-sa-coquille","status":"publish","type":"product","link":"https:\/\/mesfleurs.ca\/en\/product\/tillandsia-dans-sa-coquille\/","title":{"rendered":"Tillandsia dans sa coquille"},"content":{"rendered":"<p>Une plante Tillandsia \u00e9l\u00e9gamment nich\u00e9e dans un coquillage naturel, formant une d\u00e9coration originale et \u00e9pur\u00e9e. Son feuillage a\u00e9rien contraste avec la texture nacr\u00e9e du coquillage, cr\u00e9ant un charmant m\u00e9lange entre v\u00e9g\u00e9tal et marin.<\/p>","protected":false},"excerpt":{"rendered":"<p>Une plante Tillandsia \u00e9l\u00e9gamment nich\u00e9e dans un coquillage naturel, formant une d\u00e9coration originale et \u00e9pur\u00e9e. Son feuillage a\u00e9rien contraste avec la texture nacr\u00e9e du coquillage, cr\u00e9ant un charmant m\u00e9lange entre v\u00e9g\u00e9tal et marin.<\/p>","protected":false},"featured_media":19402,"comment_status":"open","ping_status":"closed","template":"","meta":[],"product_brand":[],"product_cat":[35,94],"product_tag":[],"class_list":{"0":"post-19391","1":"product","2":"type-product","3":"status-publish","4":"has-post-thumbnail","6":"product_cat-plantes","7":"product_cat-merci","9":"first","10":"instock","11":"taxable","12":"shipping-taxable","13":"purchasable","14":"product-type-variable"},"_links":{"self":[{"href":"https:\/\/mesfleurs.ca\/en\/wp-json\/wp\/v2\/product\/19391","targetHints":{"allow":["GET"]}}],"collection":[{"href":"https:\/\/mesfleurs.ca\/en\/wp-json\/wp\/v2\/product"}],"about":[{"href":"https:\/\/mesfleurs.ca\/en\/wp-json\/wp\/v2\/types\/product"}],"replies":[{"embeddable":true,"href":"https:\/\/mesfleurs.ca\/en\/wp-json\/wp\/v2\/comments?post=19391"}],"wp:featuredmedia":[{"embeddable":true,"href":"https:\/\/mesfleurs.ca\/en\/wp-json\/wp\/v2\/media\/19402"}],"wp:attachment":[{"href":"https:\/\/mesfleurs.ca\/en\/wp-json\/wp\/v2\/media?parent=19391"}],"wp:term":[{"taxonomy":"product_brand","embeddable":true,"href":"https:\/\/mesfleurs.ca\/en\/wp-json\/wp\/v2\/product_brand?post=19391"},{"taxonomy":"product_cat","embeddable":true,"href":"https:\/\/mesfleurs.ca\/en\/wp-json\/wp\/v2\/product_cat?post=19391"},{"taxonomy":"product_tag","embeddable":true,"href":"https:\/\/mesfleurs.ca\/en\/wp-json\/wp\/v2\/product_tag?post=19391"}],"curies":[{"name":"wp","href":"https:\/\/api.w.org\/{rel}","templated":true}]}}