{"id":19448,"date":"2024-12-02T11:24:31","date_gmt":"2024-12-02T16:24:31","guid":{"rendered":"https:\/\/mesfleurs.ca\/?post_type=product&#038;p=19448"},"modified":"2024-12-02T11:45:45","modified_gmt":"2024-12-02T16:45:45","slug":"loriginal","status":"publish","type":"product","link":"https:\/\/mesfleurs.ca\/en\/product\/loriginal\/","title":{"rendered":"L&rsquo;original"},"content":{"rendered":"<p>Pour offrir de la bonne humeur&#8230;.<\/p>\n<p>une cr\u00e9ation rafra\u00eechissante et spontan\u00e9.<\/p>\n<p>G\u00e9n\u00e9reux bouquet aux couleurs \u00e9clatantes!<\/p>\n<p>&nbsp;<\/p>","protected":false},"excerpt":{"rendered":"<p>Pour offrir de la bonne humeur&#8230;.<\/p>\n<p>une cr\u00e9ation rafra\u00eechissante et spontan\u00e9.<\/p>\n<p>G\u00e9n\u00e9reux bouquet aux couleurs \u00e9clatantes!<\/p>\n<p>&nbsp;<\/p>","protected":false},"featured_media":19466,"comment_status":"closed","ping_status":"closed","template":"","meta":[],"product_brand":[],"product_cat":[83,39,31,40,85],"product_tag":[],"class_list":{"0":"post-19448","1":"product","2":"type-product","3":"status-publish","4":"has-post-thumbnail","6":"product_cat-saint-valentin","7":"product_cat-bouquet-avec-des-roses","8":"product_cat-fetes-occasions","9":"product_cat-naissance","10":"product_cat-fete-des-meres","12":"first","13":"instock","14":"featured","15":"taxable","16":"shipping-taxable","17":"purchasable","18":"product-type-variable"},"_links":{"self":[{"href":"https:\/\/mesfleurs.ca\/en\/wp-json\/wp\/v2\/product\/19448","targetHints":{"allow":["GET"]}}],"collection":[{"href":"https:\/\/mesfleurs.ca\/en\/wp-json\/wp\/v2\/product"}],"about":[{"href":"https:\/\/mesfleurs.ca\/en\/wp-json\/wp\/v2\/types\/product"}],"replies":[{"embeddable":true,"href":"https:\/\/mesfleurs.ca\/en\/wp-json\/wp\/v2\/comments?post=19448"}],"wp:featuredmedia":[{"embeddable":true,"href":"https:\/\/mesfleurs.ca\/en\/wp-json\/wp\/v2\/media\/19466"}],"wp:attachment":[{"href":"https:\/\/mesfleurs.ca\/en\/wp-json\/wp\/v2\/media?parent=19448"}],"wp:term":[{"taxonomy":"product_brand","embeddable":true,"href":"https:\/\/mesfleurs.ca\/en\/wp-json\/wp\/v2\/product_brand?post=19448"},{"taxonomy":"product_cat","embeddable":true,"href":"https:\/\/mesfleurs.ca\/en\/wp-json\/wp\/v2\/product_cat?post=19448"},{"taxonomy":"product_tag","embeddable":true,"href":"https:\/\/mesfleurs.ca\/en\/wp-json\/wp\/v2\/product_tag?post=19448"}],"curies":[{"name":"wp","href":"https:\/\/api.w.org\/{rel}","templated":true}]}}