{"id":19451,"date":"2024-12-02T11:24:32","date_gmt":"2024-12-02T16:24:32","guid":{"rendered":"https:\/\/mesfleurs.ca\/?post_type=product&#038;p=19451"},"modified":"2024-12-02T11:26:38","modified_gmt":"2024-12-02T16:26:38","slug":"roses-eternelles-orange","status":"publish","type":"product","link":"https:\/\/mesfleurs.ca\/en\/product\/roses-eternelles-orange\/","title":{"rendered":"Roses \u00e9ternelles orange"},"content":{"rendered":"<p>Offrez cet arrangement de roses \u00e9ternelles orange. Un Zeste de fraicheur et de bon go\u00fbt ! 2 roses \u00e9ternelles dans un arrangement sobre et chic.<\/p>","protected":false},"excerpt":{"rendered":"<p>Offrez cet arrangement de roses \u00e9ternelles orange. Un Zeste de fraicheur et de bon go\u00fbt !<\/p>","protected":false},"featured_media":19474,"comment_status":"closed","ping_status":"closed","template":"","meta":[],"product_brand":[],"product_cat":[34,73,85],"product_tag":[],"class_list":{"0":"post-19451","1":"product","2":"type-product","3":"status-publish","4":"has-post-thumbnail","6":"product_cat-noel","7":"product_cat-roses-eternelles","8":"product_cat-fete-des-meres","10":"first","11":"instock","12":"taxable","13":"shipping-taxable","14":"purchasable","15":"product-type-simple"},"_links":{"self":[{"href":"https:\/\/mesfleurs.ca\/en\/wp-json\/wp\/v2\/product\/19451","targetHints":{"allow":["GET"]}}],"collection":[{"href":"https:\/\/mesfleurs.ca\/en\/wp-json\/wp\/v2\/product"}],"about":[{"href":"https:\/\/mesfleurs.ca\/en\/wp-json\/wp\/v2\/types\/product"}],"replies":[{"embeddable":true,"href":"https:\/\/mesfleurs.ca\/en\/wp-json\/wp\/v2\/comments?post=19451"}],"wp:featuredmedia":[{"embeddable":true,"href":"https:\/\/mesfleurs.ca\/en\/wp-json\/wp\/v2\/media\/19474"}],"wp:attachment":[{"href":"https:\/\/mesfleurs.ca\/en\/wp-json\/wp\/v2\/media?parent=19451"}],"wp:term":[{"taxonomy":"product_brand","embeddable":true,"href":"https:\/\/mesfleurs.ca\/en\/wp-json\/wp\/v2\/product_brand?post=19451"},{"taxonomy":"product_cat","embeddable":true,"href":"https:\/\/mesfleurs.ca\/en\/wp-json\/wp\/v2\/product_cat?post=19451"},{"taxonomy":"product_tag","embeddable":true,"href":"https:\/\/mesfleurs.ca\/en\/wp-json\/wp\/v2\/product_tag?post=19451"}],"curies":[{"name":"wp","href":"https:\/\/api.w.org\/{rel}","templated":true}]}}