{"id":19454,"date":"2024-12-02T11:24:33","date_gmt":"2024-12-02T16:24:33","guid":{"rendered":"https:\/\/mesfleurs.ca\/?post_type=product&#038;p=19454"},"modified":"2024-12-02T11:27:18","modified_gmt":"2024-12-02T16:27:18","slug":"rose-eternelle-3-couleurs","status":"publish","type":"product","link":"https:\/\/mesfleurs.ca\/en\/product\/rose-eternelle-3-couleurs\/","title":{"rendered":"Rose \u00e9ternelle 3 couleurs"},"content":{"rendered":"<p>NOUVEAUT\u00c9 !<\/p>\n<p>Rose \u00e9ternelle trois couleurs (bleu, blanc, fuchsia) avec une p\u00e9tale blanche satin\u00e9e &#8230; une vraie beaut\u00e9 ! Dans une boule qui peut se suspendre, elle fera fureur chez la personne qui recevra ce petit bijou.<\/p>","protected":false},"excerpt":{"rendered":"<p>NOUVEAUT\u00c9 !<\/p>\n<p>Rose \u00e9ternelle trois couleurs (bleu, blanc, fuchsia) avec une p\u00e9tale blanche satin\u00e9e &#8230; une vraie beaut\u00e9 ! Dans une boule qui peut se suspendre, elle fera fureur chez la personne qui recevra ce petit bijou.<\/p>","protected":false},"featured_media":19479,"comment_status":"closed","ping_status":"closed","template":"","meta":[],"product_brand":[],"product_cat":[83,73,85],"product_tag":[],"class_list":{"0":"post-19454","1":"product","2":"type-product","3":"status-publish","4":"has-post-thumbnail","6":"product_cat-saint-valentin","7":"product_cat-roses-eternelles","8":"product_cat-fete-des-meres","10":"first","11":"instock","12":"taxable","13":"shipping-taxable","14":"purchasable","15":"product-type-simple"},"_links":{"self":[{"href":"https:\/\/mesfleurs.ca\/en\/wp-json\/wp\/v2\/product\/19454","targetHints":{"allow":["GET"]}}],"collection":[{"href":"https:\/\/mesfleurs.ca\/en\/wp-json\/wp\/v2\/product"}],"about":[{"href":"https:\/\/mesfleurs.ca\/en\/wp-json\/wp\/v2\/types\/product"}],"replies":[{"embeddable":true,"href":"https:\/\/mesfleurs.ca\/en\/wp-json\/wp\/v2\/comments?post=19454"}],"wp:featuredmedia":[{"embeddable":true,"href":"https:\/\/mesfleurs.ca\/en\/wp-json\/wp\/v2\/media\/19479"}],"wp:attachment":[{"href":"https:\/\/mesfleurs.ca\/en\/wp-json\/wp\/v2\/media?parent=19454"}],"wp:term":[{"taxonomy":"product_brand","embeddable":true,"href":"https:\/\/mesfleurs.ca\/en\/wp-json\/wp\/v2\/product_brand?post=19454"},{"taxonomy":"product_cat","embeddable":true,"href":"https:\/\/mesfleurs.ca\/en\/wp-json\/wp\/v2\/product_cat?post=19454"},{"taxonomy":"product_tag","embeddable":true,"href":"https:\/\/mesfleurs.ca\/en\/wp-json\/wp\/v2\/product_tag?post=19454"}],"curies":[{"name":"wp","href":"https:\/\/api.w.org\/{rel}","templated":true}]}}