{"id":19456,"date":"2024-12-02T11:24:33","date_gmt":"2024-12-02T16:24:33","guid":{"rendered":"https:\/\/mesfleurs.ca\/?post_type=product&#038;p=19456"},"modified":"2024-12-02T11:27:44","modified_gmt":"2024-12-02T16:27:44","slug":"creation-du-fleuriste-2","status":"publish","type":"product","link":"https:\/\/mesfleurs.ca\/en\/product\/creation-du-fleuriste-2\/","title":{"rendered":"Cr\u00e9ation du fleuriste"},"content":{"rendered":"<p>Laissez nos fleuristes s&rsquo;inspirer en cr\u00e9ant un magnifique bouquet aux couleurs de la Saint-Valentin. Un magnifique bouquet, dans un vase, pr\u00e9par\u00e9 avec tout notre amour&#8230; et dans les r\u00e8gles de l&rsquo;art.<\/p>","protected":false},"excerpt":{"rendered":"<p>Laissez nos fleuristes s&rsquo;inspirer en cr\u00e9ant un magnifique bouquet aux couleurs de la Saint-Valentin. Un magnifique bouquet, dans un vase, pr\u00e9par\u00e9 avec tout notre amour&#8230; et dans les r\u00e8gles de l&rsquo;art.<\/p>","protected":false},"featured_media":19483,"comment_status":"closed","ping_status":"closed","template":"","meta":[],"product_brand":[],"product_cat":[85],"product_tag":[],"class_list":{"0":"post-19456","1":"product","2":"type-product","3":"status-publish","4":"has-post-thumbnail","6":"product_cat-fete-des-meres","8":"first","9":"instock","10":"featured","11":"taxable","12":"shipping-taxable","13":"purchasable","14":"product-type-simple"},"_links":{"self":[{"href":"https:\/\/mesfleurs.ca\/en\/wp-json\/wp\/v2\/product\/19456","targetHints":{"allow":["GET"]}}],"collection":[{"href":"https:\/\/mesfleurs.ca\/en\/wp-json\/wp\/v2\/product"}],"about":[{"href":"https:\/\/mesfleurs.ca\/en\/wp-json\/wp\/v2\/types\/product"}],"replies":[{"embeddable":true,"href":"https:\/\/mesfleurs.ca\/en\/wp-json\/wp\/v2\/comments?post=19456"}],"wp:featuredmedia":[{"embeddable":true,"href":"https:\/\/mesfleurs.ca\/en\/wp-json\/wp\/v2\/media\/19483"}],"wp:attachment":[{"href":"https:\/\/mesfleurs.ca\/en\/wp-json\/wp\/v2\/media?parent=19456"}],"wp:term":[{"taxonomy":"product_brand","embeddable":true,"href":"https:\/\/mesfleurs.ca\/en\/wp-json\/wp\/v2\/product_brand?post=19456"},{"taxonomy":"product_cat","embeddable":true,"href":"https:\/\/mesfleurs.ca\/en\/wp-json\/wp\/v2\/product_cat?post=19456"},{"taxonomy":"product_tag","embeddable":true,"href":"https:\/\/mesfleurs.ca\/en\/wp-json\/wp\/v2\/product_tag?post=19456"}],"curies":[{"name":"wp","href":"https:\/\/api.w.org\/{rel}","templated":true}]}}