{"id":19463,"date":"2024-12-02T11:25:34","date_gmt":"2024-12-02T16:25:34","guid":{"rendered":"https:\/\/mesfleurs.ca\/?post_type=product&#038;p=19463"},"modified":"2024-12-12T11:36:37","modified_gmt":"2024-12-12T16:36:37","slug":"chandelle-de-cire-dabeille","status":"publish","type":"product","link":"https:\/\/mesfleurs.ca\/en\/product\/chandelle-de-cire-dabeille\/","title":{"rendered":"Chandelle de cire d&rsquo;abeille"},"content":{"rendered":"<p>Chandelles de cire d&rsquo;abeille r\u00e9colt\u00e9 en Mauricie et produites \u00e0 St-\u00c9tienne-des-Gr\u00e8s par la miellerie Entre Ciel et Gabelle (<a href=\"https:\/\/www.cieletgabelle.com\/\">https:\/\/www.cieletgabelle.com\/<\/a>)<\/p>\n<p>Disponible en diff\u00e9rentes formes (Voir les images)<\/p>","protected":false},"excerpt":{"rendered":"<p>Chandelles de cire d&rsquo;abeille r\u00e9colt\u00e9 en Mauricie et produites \u00e0 St-\u00c9tienne-des-Gr\u00e8s par la miellerie Entre Ciel et Gabelle (https:\/\/www.cieletgabelle.com\/) Disponible en diff\u00e9rentes formes (Voir les images)<\/p>","protected":false},"featured_media":19488,"comment_status":"closed","ping_status":"closed","template":"","meta":[],"product_brand":[],"product_cat":[72,94],"product_tag":[89],"class_list":{"0":"post-19463","1":"product","2":"type-product","3":"status-publish","4":"has-post-thumbnail","6":"product_cat-chocolats-friandises-et-autres-produits","7":"product_cat-merci","8":"product_tag-entrecieletgabelle","10":"first","11":"instock","12":"taxable","13":"shipping-taxable","14":"purchasable","15":"product-type-simple"},"_links":{"self":[{"href":"https:\/\/mesfleurs.ca\/en\/wp-json\/wp\/v2\/product\/19463","targetHints":{"allow":["GET"]}}],"collection":[{"href":"https:\/\/mesfleurs.ca\/en\/wp-json\/wp\/v2\/product"}],"about":[{"href":"https:\/\/mesfleurs.ca\/en\/wp-json\/wp\/v2\/types\/product"}],"replies":[{"embeddable":true,"href":"https:\/\/mesfleurs.ca\/en\/wp-json\/wp\/v2\/comments?post=19463"}],"wp:featuredmedia":[{"embeddable":true,"href":"https:\/\/mesfleurs.ca\/en\/wp-json\/wp\/v2\/media\/19488"}],"wp:attachment":[{"href":"https:\/\/mesfleurs.ca\/en\/wp-json\/wp\/v2\/media?parent=19463"}],"wp:term":[{"taxonomy":"product_brand","embeddable":true,"href":"https:\/\/mesfleurs.ca\/en\/wp-json\/wp\/v2\/product_brand?post=19463"},{"taxonomy":"product_cat","embeddable":true,"href":"https:\/\/mesfleurs.ca\/en\/wp-json\/wp\/v2\/product_cat?post=19463"},{"taxonomy":"product_tag","embeddable":true,"href":"https:\/\/mesfleurs.ca\/en\/wp-json\/wp\/v2\/product_tag?post=19463"}],"curies":[{"name":"wp","href":"https:\/\/api.w.org\/{rel}","templated":true}]}}