{"id":19501,"date":"2024-12-02T11:59:37","date_gmt":"2024-12-02T16:59:37","guid":{"rendered":"https:\/\/mesfleurs.ca\/?post_type=product&#038;p=19501"},"modified":"2024-12-02T12:03:45","modified_gmt":"2024-12-02T17:03:45","slug":"mon-coeur-est-a-toi","status":"publish","type":"product","link":"https:\/\/mesfleurs.ca\/en\/product\/mon-coeur-est-a-toi\/","title":{"rendered":"Mon coeur est \u00e0 toi"},"content":{"rendered":"<p>Un montage de 50 roses rouges en forme de c\u0153ur est une \u0153uvre florale empreinte de romantisme et de raffinement. Ce chef-d&rsquo;\u0153uvre symbolise l\u2019amour \u00e9ternel et la passion intense, parfait pour des occasions sp\u00e9ciales comme la Saint-Valentin ou un anniversaire.<\/p>\n<p>Les roses rouges, fra\u00eeches et soigneusement s\u00e9lectionn\u00e9es, sont arrang\u00e9es avec pr\u00e9cision pour dessiner un c\u0153ur parfait. Leur couleur rouge \u00e9clatante capte imm\u00e9diatement le regard, chaque fleur rayonnant de beaut\u00e9 avec des p\u00e9tales velout\u00e9s et g\u00e9n\u00e9reusement ouverts. La sym\u00e9trie de l\u2019arrangement accentue l\u2019harmonie visuelle et la profondeur \u00e9motionnelle de la composition.<\/p>\n<p>Une base discr\u00e8te et \u00e9l\u00e9gante soutient l\u2019ensemble, souvent enrichie de mousse florale ou de feuillage vert fonc\u00e9 pour un contraste subtil mais saisissant. Cette verdure encadre d\u00e9licatement les roses, amplifiant leur \u00e9clat et ajoutant une touche de naturel.<\/p>\n<p>Le montage peut \u00eatre sublim\u00e9 par des d\u00e9tails suppl\u00e9mentaires, comme un ruban en satin rouge ou des perles nacr\u00e9es, pour une finition luxueuse. Cette cr\u00e9ation impose sa pr\u00e9sence tout en demeurant d\u00e9licate et \u00e9l\u00e9gante. Offrir un tel c\u0153ur floral, c\u2019est transmettre un message d\u2019amour sinc\u00e8re et \u00e9ternel, sans besoin de mots.<\/p>","protected":false},"excerpt":{"rendered":"<p>Un montage de 50 roses rouges en forme de c\u0153ur est une \u0153uvre florale empreinte de romantisme et de raffinement. Ce chef-d&rsquo;\u0153uvre symbolise l\u2019amour \u00e9ternel et la passion intense, parfait pour des occasions sp\u00e9ciales comme la Saint-Valentin ou un anniversaire.<\/p>\n<p>Les roses rouges, fra\u00eeches et soigneusement s\u00e9lectionn\u00e9es, sont arrang\u00e9es avec pr\u00e9cision pour dessiner un c\u0153ur parfait. Leur couleur rouge \u00e9clatante capte imm\u00e9diatement le regard, chaque fleur rayonnant de beaut\u00e9 avec des p\u00e9tales velout\u00e9s et g\u00e9n\u00e9reusement ouverts. La sym\u00e9trie de l\u2019arrangement accentue l\u2019harmonie visuelle et la profondeur \u00e9motionnelle de la composition.<\/p>\n<p>Une base discr\u00e8te et \u00e9l\u00e9gante soutient l\u2019ensemble, souvent enrichie de mousse florale ou de feuillage vert fonc\u00e9 pour un contraste subtil mais saisissant. Cette verdure encadre d\u00e9licatement les roses, amplifiant leur \u00e9clat et ajoutant une touche de naturel.<\/p>\n<p>Le montage peut \u00eatre sublim\u00e9 par des d\u00e9tails suppl\u00e9mentaires, comme un ruban en satin rouge ou des perles nacr\u00e9es, pour une finition luxueuse. Cette cr\u00e9ation impose sa pr\u00e9sence tout en demeurant d\u00e9licate et \u00e9l\u00e9gante. Offrir un tel c\u0153ur floral, c\u2019est transmettre un message d\u2019amour sinc\u00e8re et \u00e9ternel, sans besoin de mots.<\/p>","protected":false},"featured_media":19504,"comment_status":"open","ping_status":"closed","template":"","meta":[],"product_brand":[],"product_cat":[83,39],"product_tag":[],"class_list":{"0":"post-19501","1":"product","2":"type-product","3":"status-publish","4":"has-post-thumbnail","6":"product_cat-saint-valentin","7":"product_cat-bouquet-avec-des-roses","9":"first","10":"instock","11":"taxable","12":"shipping-taxable","13":"purchasable","14":"product-type-simple"},"_links":{"self":[{"href":"https:\/\/mesfleurs.ca\/en\/wp-json\/wp\/v2\/product\/19501","targetHints":{"allow":["GET"]}}],"collection":[{"href":"https:\/\/mesfleurs.ca\/en\/wp-json\/wp\/v2\/product"}],"about":[{"href":"https:\/\/mesfleurs.ca\/en\/wp-json\/wp\/v2\/types\/product"}],"replies":[{"embeddable":true,"href":"https:\/\/mesfleurs.ca\/en\/wp-json\/wp\/v2\/comments?post=19501"}],"wp:featuredmedia":[{"embeddable":true,"href":"https:\/\/mesfleurs.ca\/en\/wp-json\/wp\/v2\/media\/19504"}],"wp:attachment":[{"href":"https:\/\/mesfleurs.ca\/en\/wp-json\/wp\/v2\/media?parent=19501"}],"wp:term":[{"taxonomy":"product_brand","embeddable":true,"href":"https:\/\/mesfleurs.ca\/en\/wp-json\/wp\/v2\/product_brand?post=19501"},{"taxonomy":"product_cat","embeddable":true,"href":"https:\/\/mesfleurs.ca\/en\/wp-json\/wp\/v2\/product_cat?post=19501"},{"taxonomy":"product_tag","embeddable":true,"href":"https:\/\/mesfleurs.ca\/en\/wp-json\/wp\/v2\/product_tag?post=19501"}],"curies":[{"name":"wp","href":"https:\/\/api.w.org\/{rel}","templated":true}]}}