{"id":19523,"date":"2024-12-02T12:32:26","date_gmt":"2024-12-02T17:32:26","guid":{"rendered":"https:\/\/mesfleurs.ca\/?post_type=product&#038;p=19523"},"modified":"2025-12-15T12:12:33","modified_gmt":"2025-12-15T17:12:33","slug":"sublime-centre-de-table-des-fetes","status":"publish","type":"product","link":"https:\/\/mesfleurs.ca\/en\/product\/sublime-centre-de-table-des-fetes\/","title":{"rendered":"Sublime centre de table des f\u00eates"},"content":{"rendered":"<p>Fleurs de longues dur\u00e9e &#8230;<\/p>\n<p>Afin de donner de la personnalit\u00e9 et du style \u00e0 votre table de No\u00ebl, d\u00e9corez-la avec ce magnifique centre de table.<\/p>","protected":false},"excerpt":{"rendered":"<p>Fleurs de longues dur\u00e9e &#8230;<\/p>\n<p>Afin de donner de la personnalit\u00e9 et du style \u00e0 votre table de No\u00ebl, d\u00e9corez-la avec ce magnifique centre de table.<\/p>","protected":false},"featured_media":19524,"comment_status":"open","ping_status":"closed","template":"","meta":[],"product_brand":[],"product_cat":[34],"product_tag":[],"class_list":{"0":"post-19523","1":"product","2":"type-product","3":"status-publish","4":"has-post-thumbnail","6":"product_cat-noel","8":"first","9":"instock","10":"sale","11":"featured","12":"taxable","13":"shipping-taxable","14":"purchasable","15":"product-type-simple"},"_links":{"self":[{"href":"https:\/\/mesfleurs.ca\/en\/wp-json\/wp\/v2\/product\/19523","targetHints":{"allow":["GET"]}}],"collection":[{"href":"https:\/\/mesfleurs.ca\/en\/wp-json\/wp\/v2\/product"}],"about":[{"href":"https:\/\/mesfleurs.ca\/en\/wp-json\/wp\/v2\/types\/product"}],"replies":[{"embeddable":true,"href":"https:\/\/mesfleurs.ca\/en\/wp-json\/wp\/v2\/comments?post=19523"}],"wp:featuredmedia":[{"embeddable":true,"href":"https:\/\/mesfleurs.ca\/en\/wp-json\/wp\/v2\/media\/19524"}],"wp:attachment":[{"href":"https:\/\/mesfleurs.ca\/en\/wp-json\/wp\/v2\/media?parent=19523"}],"wp:term":[{"taxonomy":"product_brand","embeddable":true,"href":"https:\/\/mesfleurs.ca\/en\/wp-json\/wp\/v2\/product_brand?post=19523"},{"taxonomy":"product_cat","embeddable":true,"href":"https:\/\/mesfleurs.ca\/en\/wp-json\/wp\/v2\/product_cat?post=19523"},{"taxonomy":"product_tag","embeddable":true,"href":"https:\/\/mesfleurs.ca\/en\/wp-json\/wp\/v2\/product_tag?post=19523"}],"curies":[{"name":"wp","href":"https:\/\/api.w.org\/{rel}","templated":true}]}}