{"id":19628,"date":"2025-01-06T11:12:22","date_gmt":"2025-01-06T16:12:22","guid":{"rendered":"https:\/\/mesfleurs.ca\/?post_type=product&#038;p=19628"},"modified":"2025-01-06T11:12:28","modified_gmt":"2025-01-06T16:12:28","slug":"corbeille-classique-blanc-et-bleu-2","status":"publish","type":"product","link":"https:\/\/mesfleurs.ca\/en\/product\/corbeille-classique-blanc-et-bleu-2\/","title":{"rendered":"Corbeille classique blanc et bleu"},"content":{"rendered":"<p>Corbeille classique blanc et bleu<\/p>","protected":false},"excerpt":{"rendered":"<p>Petite corbeille classique blanc et bleu compos\u00e9e de delphinium bleu et de lys blanc. Un ajout de gypsophile (soupirs de b\u00e9b\u00e9) et d&rsquo;oeillets blanc pour \u00e9clairsir le tout.<\/p>","protected":false},"featured_media":19603,"comment_status":"closed","ping_status":"closed","template":"","meta":[],"product_brand":[],"product_cat":[56],"product_tag":[],"class_list":{"0":"post-19628","1":"product","2":"type-product","3":"status-publish","4":"has-post-thumbnail","6":"product_cat-corbeilles","8":"first","9":"outofstock","10":"taxable","11":"shipping-taxable","12":"purchasable","13":"product-type-simple"},"_links":{"self":[{"href":"https:\/\/mesfleurs.ca\/en\/wp-json\/wp\/v2\/product\/19628","targetHints":{"allow":["GET"]}}],"collection":[{"href":"https:\/\/mesfleurs.ca\/en\/wp-json\/wp\/v2\/product"}],"about":[{"href":"https:\/\/mesfleurs.ca\/en\/wp-json\/wp\/v2\/types\/product"}],"replies":[{"embeddable":true,"href":"https:\/\/mesfleurs.ca\/en\/wp-json\/wp\/v2\/comments?post=19628"}],"wp:featuredmedia":[{"embeddable":true,"href":"https:\/\/mesfleurs.ca\/en\/wp-json\/wp\/v2\/media\/19603"}],"wp:attachment":[{"href":"https:\/\/mesfleurs.ca\/en\/wp-json\/wp\/v2\/media?parent=19628"}],"wp:term":[{"taxonomy":"product_brand","embeddable":true,"href":"https:\/\/mesfleurs.ca\/en\/wp-json\/wp\/v2\/product_brand?post=19628"},{"taxonomy":"product_cat","embeddable":true,"href":"https:\/\/mesfleurs.ca\/en\/wp-json\/wp\/v2\/product_cat?post=19628"},{"taxonomy":"product_tag","embeddable":true,"href":"https:\/\/mesfleurs.ca\/en\/wp-json\/wp\/v2\/product_tag?post=19628"}],"curies":[{"name":"wp","href":"https:\/\/api.w.org\/{rel}","templated":true}]}}