{"id":19653,"date":"2025-01-06T11:12:27","date_gmt":"2025-01-06T16:12:27","guid":{"rendered":"https:\/\/mesfleurs.ca\/?post_type=product&#038;p=19653"},"modified":"2025-11-18T07:32:31","modified_gmt":"2025-11-18T12:32:31","slug":"corbeille-de-roses-rose-et-de-lys-rose","status":"publish","type":"product","link":"https:\/\/mesfleurs.ca\/en\/product\/corbeille-de-roses-rose-et-de-lys-rose\/","title":{"rendered":"Corbeille de roses rose et de lys rose"},"content":{"rendered":"<p>Petite corbeille tout en l\u00e9g\u00e8ret\u00e9 compos\u00e9e de roses rose p\u00e2le et de lys rose avec une touche de gypsophile et de marguerite blanche.<\/p>","protected":false},"excerpt":{"rendered":"<p>Petite corbeille tout en l\u00e9g\u00e8ret\u00e9 compos\u00e9e de roses rose p\u00e2le et de lys rose avec une touche de gypsophile et de marguerite blanche.<\/p>","protected":false},"featured_media":19659,"comment_status":"closed","ping_status":"closed","template":"","meta":[],"product_brand":[],"product_cat":[56],"product_tag":[],"class_list":{"0":"post-19653","1":"product","2":"type-product","3":"status-publish","4":"has-post-thumbnail","6":"product_cat-corbeilles","8":"first","9":"instock","10":"taxable","11":"shipping-taxable","12":"purchasable","13":"product-type-simple"},"_links":{"self":[{"href":"https:\/\/mesfleurs.ca\/en\/wp-json\/wp\/v2\/product\/19653","targetHints":{"allow":["GET"]}}],"collection":[{"href":"https:\/\/mesfleurs.ca\/en\/wp-json\/wp\/v2\/product"}],"about":[{"href":"https:\/\/mesfleurs.ca\/en\/wp-json\/wp\/v2\/types\/product"}],"replies":[{"embeddable":true,"href":"https:\/\/mesfleurs.ca\/en\/wp-json\/wp\/v2\/comments?post=19653"}],"wp:featuredmedia":[{"embeddable":true,"href":"https:\/\/mesfleurs.ca\/en\/wp-json\/wp\/v2\/media\/19659"}],"wp:attachment":[{"href":"https:\/\/mesfleurs.ca\/en\/wp-json\/wp\/v2\/media?parent=19653"}],"wp:term":[{"taxonomy":"product_brand","embeddable":true,"href":"https:\/\/mesfleurs.ca\/en\/wp-json\/wp\/v2\/product_brand?post=19653"},{"taxonomy":"product_cat","embeddable":true,"href":"https:\/\/mesfleurs.ca\/en\/wp-json\/wp\/v2\/product_cat?post=19653"},{"taxonomy":"product_tag","embeddable":true,"href":"https:\/\/mesfleurs.ca\/en\/wp-json\/wp\/v2\/product_tag?post=19653"}],"curies":[{"name":"wp","href":"https:\/\/api.w.org\/{rel}","templated":true}]}}