{"id":19689,"date":"2025-01-06T11:28:33","date_gmt":"2025-01-06T16:28:33","guid":{"rendered":"https:\/\/mesfleurs.ca\/?post_type=product&#038;p=19689"},"modified":"2025-12-15T12:12:08","modified_gmt":"2025-12-15T17:12:08","slug":"lanterne-de-noel-suspendue","status":"publish","type":"product","link":"https:\/\/mesfleurs.ca\/en\/product\/lanterne-de-noel-suspendue\/","title":{"rendered":"Lanterne de No\u00ebl suspendue"},"content":{"rendered":"<p>Montage artisanal artificiel avec fleurs de Cotton avec une lanterne illumin\u00e9 \u00e0 la base.<\/p>\n<p>Requiert 2 batteries AA (inclues)<\/p>","protected":false},"excerpt":{"rendered":"<p>Montage artisanal artificiel avec fleurs de Cotton avec une lanterne illumin\u00e9 \u00e0 la base. Requiert 2 batteries AA (inclues)<\/p>","protected":false},"featured_media":19722,"comment_status":"closed","ping_status":"closed","template":"","meta":[],"product_brand":[],"product_cat":[38,34],"product_tag":[],"class_list":{"0":"post-19689","1":"product","2":"type-product","3":"status-publish","4":"has-post-thumbnail","6":"product_cat-couronnes-autres-formes","7":"product_cat-noel","9":"first","10":"instock","11":"taxable","12":"shipping-taxable","13":"purchasable","14":"product-type-simple"},"_links":{"self":[{"href":"https:\/\/mesfleurs.ca\/en\/wp-json\/wp\/v2\/product\/19689","targetHints":{"allow":["GET"]}}],"collection":[{"href":"https:\/\/mesfleurs.ca\/en\/wp-json\/wp\/v2\/product"}],"about":[{"href":"https:\/\/mesfleurs.ca\/en\/wp-json\/wp\/v2\/types\/product"}],"replies":[{"embeddable":true,"href":"https:\/\/mesfleurs.ca\/en\/wp-json\/wp\/v2\/comments?post=19689"}],"wp:featuredmedia":[{"embeddable":true,"href":"https:\/\/mesfleurs.ca\/en\/wp-json\/wp\/v2\/media\/19722"}],"wp:attachment":[{"href":"https:\/\/mesfleurs.ca\/en\/wp-json\/wp\/v2\/media?parent=19689"}],"wp:term":[{"taxonomy":"product_brand","embeddable":true,"href":"https:\/\/mesfleurs.ca\/en\/wp-json\/wp\/v2\/product_brand?post=19689"},{"taxonomy":"product_cat","embeddable":true,"href":"https:\/\/mesfleurs.ca\/en\/wp-json\/wp\/v2\/product_cat?post=19689"},{"taxonomy":"product_tag","embeddable":true,"href":"https:\/\/mesfleurs.ca\/en\/wp-json\/wp\/v2\/product_tag?post=19689"}],"curies":[{"name":"wp","href":"https:\/\/api.w.org\/{rel}","templated":true}]}}