{"id":19725,"date":"2025-01-06T11:35:10","date_gmt":"2025-01-06T16:35:10","guid":{"rendered":"https:\/\/mesfleurs.ca\/?post_type=product&#038;p=19725"},"modified":"2025-01-06T11:37:54","modified_gmt":"2025-01-06T16:37:54","slug":"bouquet-zeste-dorange-2","status":"publish","type":"product","link":"https:\/\/mesfleurs.ca\/en\/product\/bouquet-zeste-dorange-2\/","title":{"rendered":"Bouquet Zeste d&rsquo;orang\u00e9"},"content":{"rendered":"<p>Bouquet dans un contenant de verre ou de c\u00e9ramique aux couleurs chaudes. La combinaison de lys oriental, de gerbera orang\u00e9 ou rouge, de marguerites et de roses circus font de cet arrangement une petite boule de bonheur et de chaleur pour celui qui le recevra.<\/p>","protected":false},"excerpt":{"rendered":"<p>Bouquet dans un contenant de verre ou de c\u00e9ramique aux couleurs chaudes. La combinaison de lys oriental, de gerbera orang\u00e9 ou rouge, de marguerites et de roses circus font de cet arrangement une petite boule de bonheur et de chaleur pour celui qui le recevra.<\/p>","protected":false},"featured_media":19478,"comment_status":"closed","ping_status":"closed","template":"","meta":[],"product_brand":[],"product_cat":[78,31],"product_tag":[],"class_list":{"0":"post-19725","1":"product","2":"type-product","3":"status-publish","4":"has-post-thumbnail","6":"product_cat-bouquet-dautomne","7":"product_cat-fetes-occasions","9":"first","10":"instock","11":"taxable","12":"shipping-taxable","13":"purchasable","14":"product-type-simple"},"_links":{"self":[{"href":"https:\/\/mesfleurs.ca\/en\/wp-json\/wp\/v2\/product\/19725","targetHints":{"allow":["GET"]}}],"collection":[{"href":"https:\/\/mesfleurs.ca\/en\/wp-json\/wp\/v2\/product"}],"about":[{"href":"https:\/\/mesfleurs.ca\/en\/wp-json\/wp\/v2\/types\/product"}],"replies":[{"embeddable":true,"href":"https:\/\/mesfleurs.ca\/en\/wp-json\/wp\/v2\/comments?post=19725"}],"wp:featuredmedia":[{"embeddable":true,"href":"https:\/\/mesfleurs.ca\/en\/wp-json\/wp\/v2\/media\/19478"}],"wp:attachment":[{"href":"https:\/\/mesfleurs.ca\/en\/wp-json\/wp\/v2\/media?parent=19725"}],"wp:term":[{"taxonomy":"product_brand","embeddable":true,"href":"https:\/\/mesfleurs.ca\/en\/wp-json\/wp\/v2\/product_brand?post=19725"},{"taxonomy":"product_cat","embeddable":true,"href":"https:\/\/mesfleurs.ca\/en\/wp-json\/wp\/v2\/product_cat?post=19725"},{"taxonomy":"product_tag","embeddable":true,"href":"https:\/\/mesfleurs.ca\/en\/wp-json\/wp\/v2\/product_tag?post=19725"}],"curies":[{"name":"wp","href":"https:\/\/api.w.org\/{rel}","templated":true}]}}