{"id":20209,"date":"2026-02-24T15:48:15","date_gmt":"2026-02-24T20:48:15","guid":{"rendered":"https:\/\/mesfleurs.ca\/?post_type=product&#038;p=20209"},"modified":"2026-02-24T15:49:56","modified_gmt":"2026-02-24T20:49:56","slug":"huile-de-massage-amour-pour-elle","status":"publish","type":"product","link":"https:\/\/mesfleurs.ca\/en\/product\/huile-de-massage-amour-pour-elle\/","title":{"rendered":"Huile de massage &#8211; Amour pour elle"},"content":{"rendered":"<p>L\u2019<strong>Huile de Massage Aphrodisiaque Amour Pour Elle<\/strong>\u00a0allie douceur, f\u00e9minit\u00e9 et s\u00e9duction. Sa texture soyeuse et son parfum floral envo\u00fbtant \u00e9veillent les sens et cr\u00e9ent une atmosph\u00e8re intime o\u00f9 chaque geste devient plus profond, plus tendre, plus connect\u00e9.<\/p>","protected":false},"excerpt":{"rendered":"<p>L\u2019<strong>Huile de Massage Aphrodisiaque Amour Pour Elle<\/strong>\u00a0allie douceur, f\u00e9minit\u00e9 et s\u00e9duction. Sa texture soyeuse et son parfum floral envo\u00fbtant \u00e9veillent les sens et cr\u00e9ent une atmosph\u00e8re intime o\u00f9 chaque geste devient plus profond, plus tendre, plus connect\u00e9.<\/p>","protected":false},"featured_media":20210,"comment_status":"open","ping_status":"closed","template":"","meta":[],"product_brand":[],"product_cat":[97],"product_tag":[],"class_list":{"0":"post-20209","1":"product","2":"type-product","3":"status-publish","4":"has-post-thumbnail","6":"product_cat-purinfini","8":"first","9":"instock","10":"taxable","11":"shipping-taxable","12":"purchasable","13":"product-type-simple"},"_links":{"self":[{"href":"https:\/\/mesfleurs.ca\/en\/wp-json\/wp\/v2\/product\/20209","targetHints":{"allow":["GET"]}}],"collection":[{"href":"https:\/\/mesfleurs.ca\/en\/wp-json\/wp\/v2\/product"}],"about":[{"href":"https:\/\/mesfleurs.ca\/en\/wp-json\/wp\/v2\/types\/product"}],"replies":[{"embeddable":true,"href":"https:\/\/mesfleurs.ca\/en\/wp-json\/wp\/v2\/comments?post=20209"}],"wp:featuredmedia":[{"embeddable":true,"href":"https:\/\/mesfleurs.ca\/en\/wp-json\/wp\/v2\/media\/20210"}],"wp:attachment":[{"href":"https:\/\/mesfleurs.ca\/en\/wp-json\/wp\/v2\/media?parent=20209"}],"wp:term":[{"taxonomy":"product_brand","embeddable":true,"href":"https:\/\/mesfleurs.ca\/en\/wp-json\/wp\/v2\/product_brand?post=20209"},{"taxonomy":"product_cat","embeddable":true,"href":"https:\/\/mesfleurs.ca\/en\/wp-json\/wp\/v2\/product_cat?post=20209"},{"taxonomy":"product_tag","embeddable":true,"href":"https:\/\/mesfleurs.ca\/en\/wp-json\/wp\/v2\/product_tag?post=20209"}],"curies":[{"name":"wp","href":"https:\/\/api.w.org\/{rel}","templated":true}]}}