{"id":20211,"date":"2026-02-24T15:53:35","date_gmt":"2026-02-24T20:53:35","guid":{"rendered":"https:\/\/mesfleurs.ca\/?post_type=product&#038;p=20211"},"modified":"2026-02-24T15:53:35","modified_gmt":"2026-02-24T20:53:35","slug":"huile-de-massage-amour-pour-lui","status":"publish","type":"product","link":"https:\/\/mesfleurs.ca\/en\/product\/huile-de-massage-amour-pour-lui\/","title":{"rendered":"Huile de massage &#8211; Amour pour Lui"},"content":{"rendered":"<div class=\"woocommerce-product-details__short-description\">\n<p>L\u2019<strong data-start=\"3106\" data-end=\"3155\">Huile de Massage Aphrodisiaque Amour Pour Lui<\/strong> allie \u00e9l\u00e9gance, vitalit\u00e9 et sensualit\u00e9. Sa texture fluide et son parfum raffin\u00e9 stimulent les sens et favorisent une connexion intime et naturelle entre les partenaires.<\/p>\n<\/div>","protected":false},"excerpt":{"rendered":"<p>L\u2019<strong data-start=\"3106\" data-end=\"3155\">Huile de Massage Aphrodisiaque Amour Pour Lui<\/strong> allie \u00e9l\u00e9gance, vitalit\u00e9 et sensualit\u00e9. Sa texture fluide et son parfum raffin\u00e9 stimulent les sens et favorisent une connexion intime et naturelle entre les partenaires.<\/p>","protected":false},"featured_media":20212,"comment_status":"open","ping_status":"closed","template":"","meta":[],"product_brand":[],"product_cat":[97],"product_tag":[],"class_list":{"0":"post-20211","1":"product","2":"type-product","3":"status-publish","4":"has-post-thumbnail","6":"product_cat-purinfini","8":"first","9":"instock","10":"taxable","11":"shipping-taxable","12":"purchasable","13":"product-type-simple"},"_links":{"self":[{"href":"https:\/\/mesfleurs.ca\/en\/wp-json\/wp\/v2\/product\/20211","targetHints":{"allow":["GET"]}}],"collection":[{"href":"https:\/\/mesfleurs.ca\/en\/wp-json\/wp\/v2\/product"}],"about":[{"href":"https:\/\/mesfleurs.ca\/en\/wp-json\/wp\/v2\/types\/product"}],"replies":[{"embeddable":true,"href":"https:\/\/mesfleurs.ca\/en\/wp-json\/wp\/v2\/comments?post=20211"}],"wp:featuredmedia":[{"embeddable":true,"href":"https:\/\/mesfleurs.ca\/en\/wp-json\/wp\/v2\/media\/20212"}],"wp:attachment":[{"href":"https:\/\/mesfleurs.ca\/en\/wp-json\/wp\/v2\/media?parent=20211"}],"wp:term":[{"taxonomy":"product_brand","embeddable":true,"href":"https:\/\/mesfleurs.ca\/en\/wp-json\/wp\/v2\/product_brand?post=20211"},{"taxonomy":"product_cat","embeddable":true,"href":"https:\/\/mesfleurs.ca\/en\/wp-json\/wp\/v2\/product_cat?post=20211"},{"taxonomy":"product_tag","embeddable":true,"href":"https:\/\/mesfleurs.ca\/en\/wp-json\/wp\/v2\/product_tag?post=20211"}],"curies":[{"name":"wp","href":"https:\/\/api.w.org\/{rel}","templated":true}]}}