{"id":20213,"date":"2026-02-24T15:55:36","date_gmt":"2026-02-24T20:55:36","guid":{"rendered":"https:\/\/mesfleurs.ca\/?post_type=product&#038;p=20213"},"modified":"2026-02-24T15:55:36","modified_gmt":"2026-02-24T20:55:36","slug":"huile-de-massage-nuit-damour","status":"publish","type":"product","link":"https:\/\/mesfleurs.ca\/en\/product\/huile-de-massage-nuit-damour\/","title":{"rendered":"Huile de massage &#8211; Nuit d&rsquo;Amour"},"content":{"rendered":"<p>L\u2019<strong data-start=\"3084\" data-end=\"3131\">Huile de Massage Aphrodisiaque Nuit d\u2019Amour<\/strong>\u00a0combine chaleur, douceur et sensualit\u00e9. Son ar\u00f4me tropical et sa texture soyeuse enveloppent la peau d\u2019une caresse irr\u00e9sistible pour une exp\u00e9rience intime et passionn\u00e9e.<\/p>","protected":false},"excerpt":{"rendered":"<p>L\u2019<strong data-start=\"3084\" data-end=\"3131\">Huile de Massage Aphrodisiaque Nuit d\u2019Amour<\/strong>\u00a0combine chaleur, douceur et sensualit\u00e9. Son ar\u00f4me tropical et sa texture soyeuse enveloppent la peau d\u2019une caresse irr\u00e9sistible pour une exp\u00e9rience intime et passionn\u00e9e.<\/p>","protected":false},"featured_media":20214,"comment_status":"open","ping_status":"closed","template":"","meta":[],"product_brand":[],"product_cat":[97],"product_tag":[],"class_list":{"0":"post-20213","1":"product","2":"type-product","3":"status-publish","4":"has-post-thumbnail","6":"product_cat-purinfini","8":"first","9":"instock","10":"taxable","11":"shipping-taxable","12":"purchasable","13":"product-type-simple"},"_links":{"self":[{"href":"https:\/\/mesfleurs.ca\/en\/wp-json\/wp\/v2\/product\/20213","targetHints":{"allow":["GET"]}}],"collection":[{"href":"https:\/\/mesfleurs.ca\/en\/wp-json\/wp\/v2\/product"}],"about":[{"href":"https:\/\/mesfleurs.ca\/en\/wp-json\/wp\/v2\/types\/product"}],"replies":[{"embeddable":true,"href":"https:\/\/mesfleurs.ca\/en\/wp-json\/wp\/v2\/comments?post=20213"}],"wp:featuredmedia":[{"embeddable":true,"href":"https:\/\/mesfleurs.ca\/en\/wp-json\/wp\/v2\/media\/20214"}],"wp:attachment":[{"href":"https:\/\/mesfleurs.ca\/en\/wp-json\/wp\/v2\/media?parent=20213"}],"wp:term":[{"taxonomy":"product_brand","embeddable":true,"href":"https:\/\/mesfleurs.ca\/en\/wp-json\/wp\/v2\/product_brand?post=20213"},{"taxonomy":"product_cat","embeddable":true,"href":"https:\/\/mesfleurs.ca\/en\/wp-json\/wp\/v2\/product_cat?post=20213"},{"taxonomy":"product_tag","embeddable":true,"href":"https:\/\/mesfleurs.ca\/en\/wp-json\/wp\/v2\/product_tag?post=20213"}],"curies":[{"name":"wp","href":"https:\/\/api.w.org\/{rel}","templated":true}]}}