{"id":20215,"date":"2026-02-24T15:57:15","date_gmt":"2026-02-24T20:57:15","guid":{"rendered":"https:\/\/mesfleurs.ca\/?post_type=product&#038;p=20215"},"modified":"2026-02-24T15:57:15","modified_gmt":"2026-02-24T20:57:15","slug":"huile-de-massage-seduction","status":"publish","type":"product","link":"https:\/\/mesfleurs.ca\/en\/product\/huile-de-massage-seduction\/","title":{"rendered":"Huile de massage &#8211; S\u00e9duction"},"content":{"rendered":"<p>L\u2019<strong data-start=\"2759\" data-end=\"2803\">Huile de Massage Aphrodisiaque S\u00e9duction<\/strong>\u00a0r\u00e9v\u00e8le un parfum sensuel et captivant. Sa texture soyeuse et son ar\u00f4me fruit\u00e9-floral \u00e9veillent les sens et transforment chaque massage en un instant d\u2019intimit\u00e9 et de plaisir raffin\u00e9.<\/p>","protected":false},"excerpt":{"rendered":"<p>L\u2019<strong data-start=\"2759\" data-end=\"2803\">Huile de Massage Aphrodisiaque S\u00e9duction<\/strong>\u00a0r\u00e9v\u00e8le un parfum sensuel et captivant. Sa texture soyeuse et son ar\u00f4me fruit\u00e9-floral \u00e9veillent les sens et transforment chaque massage en un instant d\u2019intimit\u00e9 et de plaisir raffin\u00e9.<\/p>","protected":false},"featured_media":20216,"comment_status":"open","ping_status":"closed","template":"","meta":[],"product_brand":[],"product_cat":[97],"product_tag":[],"class_list":{"0":"post-20215","1":"product","2":"type-product","3":"status-publish","4":"has-post-thumbnail","6":"product_cat-purinfini","8":"first","9":"instock","10":"taxable","11":"shipping-taxable","12":"purchasable","13":"product-type-simple"},"_links":{"self":[{"href":"https:\/\/mesfleurs.ca\/en\/wp-json\/wp\/v2\/product\/20215","targetHints":{"allow":["GET"]}}],"collection":[{"href":"https:\/\/mesfleurs.ca\/en\/wp-json\/wp\/v2\/product"}],"about":[{"href":"https:\/\/mesfleurs.ca\/en\/wp-json\/wp\/v2\/types\/product"}],"replies":[{"embeddable":true,"href":"https:\/\/mesfleurs.ca\/en\/wp-json\/wp\/v2\/comments?post=20215"}],"wp:featuredmedia":[{"embeddable":true,"href":"https:\/\/mesfleurs.ca\/en\/wp-json\/wp\/v2\/media\/20216"}],"wp:attachment":[{"href":"https:\/\/mesfleurs.ca\/en\/wp-json\/wp\/v2\/media?parent=20215"}],"wp:term":[{"taxonomy":"product_brand","embeddable":true,"href":"https:\/\/mesfleurs.ca\/en\/wp-json\/wp\/v2\/product_brand?post=20215"},{"taxonomy":"product_cat","embeddable":true,"href":"https:\/\/mesfleurs.ca\/en\/wp-json\/wp\/v2\/product_cat?post=20215"},{"taxonomy":"product_tag","embeddable":true,"href":"https:\/\/mesfleurs.ca\/en\/wp-json\/wp\/v2\/product_tag?post=20215"}],"curies":[{"name":"wp","href":"https:\/\/api.w.org\/{rel}","templated":true}]}}