{"id":20217,"date":"2026-02-24T15:59:08","date_gmt":"2026-02-24T20:59:08","guid":{"rendered":"https:\/\/mesfleurs.ca\/?post_type=product&#038;p=20217"},"modified":"2026-02-24T15:59:08","modified_gmt":"2026-02-24T20:59:08","slug":"huile-de-massage-sensualite","status":"publish","type":"product","link":"https:\/\/mesfleurs.ca\/en\/product\/huile-de-massage-sensualite\/","title":{"rendered":"Huile de massage &#8211; Sensualit\u00e9"},"content":{"rendered":"<p>L\u2019<strong data-start=\"2869\" data-end=\"2914\">Huile de Massage Aphrodisiaque Sensualit\u00e9<\/strong>\u00a0enveloppe la peau d\u2019une douceur soyeuse et d\u2019un parfum d\u00e9licatement envo\u00fbtant. Son ar\u00f4me floral et chaud r\u00e9v\u00e8le la f\u00e9minit\u00e9, le d\u00e9sir et la tendresse dans un moment d\u2019intimit\u00e9 absolue.<\/p>","protected":false},"excerpt":{"rendered":"<p>L\u2019<strong data-start=\"2869\" data-end=\"2914\">Huile de Massage Aphrodisiaque Sensualit\u00e9<\/strong>\u00a0enveloppe la peau d\u2019une douceur soyeuse et d\u2019un parfum d\u00e9licatement envo\u00fbtant. Son ar\u00f4me floral et chaud r\u00e9v\u00e8le la f\u00e9minit\u00e9, le d\u00e9sir et la tendresse dans un moment d\u2019intimit\u00e9 absolue.<\/p>","protected":false},"featured_media":20218,"comment_status":"open","ping_status":"closed","template":"","meta":[],"product_brand":[],"product_cat":[97],"product_tag":[],"class_list":{"0":"post-20217","1":"product","2":"type-product","3":"status-publish","4":"has-post-thumbnail","6":"product_cat-purinfini","8":"first","9":"instock","10":"taxable","11":"shipping-taxable","12":"purchasable","13":"product-type-simple"},"_links":{"self":[{"href":"https:\/\/mesfleurs.ca\/en\/wp-json\/wp\/v2\/product\/20217","targetHints":{"allow":["GET"]}}],"collection":[{"href":"https:\/\/mesfleurs.ca\/en\/wp-json\/wp\/v2\/product"}],"about":[{"href":"https:\/\/mesfleurs.ca\/en\/wp-json\/wp\/v2\/types\/product"}],"replies":[{"embeddable":true,"href":"https:\/\/mesfleurs.ca\/en\/wp-json\/wp\/v2\/comments?post=20217"}],"wp:featuredmedia":[{"embeddable":true,"href":"https:\/\/mesfleurs.ca\/en\/wp-json\/wp\/v2\/media\/20218"}],"wp:attachment":[{"href":"https:\/\/mesfleurs.ca\/en\/wp-json\/wp\/v2\/media?parent=20217"}],"wp:term":[{"taxonomy":"product_brand","embeddable":true,"href":"https:\/\/mesfleurs.ca\/en\/wp-json\/wp\/v2\/product_brand?post=20217"},{"taxonomy":"product_cat","embeddable":true,"href":"https:\/\/mesfleurs.ca\/en\/wp-json\/wp\/v2\/product_cat?post=20217"},{"taxonomy":"product_tag","embeddable":true,"href":"https:\/\/mesfleurs.ca\/en\/wp-json\/wp\/v2\/product_tag?post=20217"}],"curies":[{"name":"wp","href":"https:\/\/api.w.org\/{rel}","templated":true}]}}