{"id":20219,"date":"2026-02-24T16:02:12","date_gmt":"2026-02-24T21:02:12","guid":{"rendered":"https:\/\/mesfleurs.ca\/?post_type=product&#038;p=20219"},"modified":"2026-03-23T10:06:54","modified_gmt":"2026-03-23T15:06:54","slug":"huile-de-massage-plaisir-intense","status":"publish","type":"product","link":"https:\/\/mesfleurs.ca\/en\/product\/huile-de-massage-plaisir-intense\/","title":{"rendered":"Huile de massage &#8211; Plaisir Intense"},"content":{"rendered":"<p>L\u2019<strong data-start=\"2887\" data-end=\"2937\">Huile de Massage Aphrodisiaque Plaisir Intense<\/strong>\u00a0r\u00e9unit \u00e9nergie, chaleur et sensualit\u00e9. Son parfum vibrant et sa texture fluide \u00e9veillent le d\u00e9sir, tout en offrant un moment de d\u00e9tente et de complicit\u00e9 absolue.<\/p>","protected":false},"excerpt":{"rendered":"<p>L\u2019<strong data-start=\"2887\" data-end=\"2937\">Huile de Massage Aphrodisiaque Plaisir Intense<\/strong>\u00a0r\u00e9unit \u00e9nergie, chaleur et sensualit\u00e9. Son parfum vibrant et sa texture fluide \u00e9veillent le d\u00e9sir, tout en offrant un moment de d\u00e9tente et de complicit\u00e9 absolue.<\/p>","protected":false},"featured_media":20220,"comment_status":"open","ping_status":"closed","template":"","meta":[],"product_brand":[],"product_cat":[97],"product_tag":[],"class_list":{"0":"post-20219","1":"product","2":"type-product","3":"status-publish","4":"has-post-thumbnail","6":"product_cat-purinfini","8":"first","9":"instock","10":"taxable","11":"shipping-taxable","12":"purchasable","13":"product-type-simple"},"_links":{"self":[{"href":"https:\/\/mesfleurs.ca\/en\/wp-json\/wp\/v2\/product\/20219","targetHints":{"allow":["GET"]}}],"collection":[{"href":"https:\/\/mesfleurs.ca\/en\/wp-json\/wp\/v2\/product"}],"about":[{"href":"https:\/\/mesfleurs.ca\/en\/wp-json\/wp\/v2\/types\/product"}],"replies":[{"embeddable":true,"href":"https:\/\/mesfleurs.ca\/en\/wp-json\/wp\/v2\/comments?post=20219"}],"wp:featuredmedia":[{"embeddable":true,"href":"https:\/\/mesfleurs.ca\/en\/wp-json\/wp\/v2\/media\/20220"}],"wp:attachment":[{"href":"https:\/\/mesfleurs.ca\/en\/wp-json\/wp\/v2\/media?parent=20219"}],"wp:term":[{"taxonomy":"product_brand","embeddable":true,"href":"https:\/\/mesfleurs.ca\/en\/wp-json\/wp\/v2\/product_brand?post=20219"},{"taxonomy":"product_cat","embeddable":true,"href":"https:\/\/mesfleurs.ca\/en\/wp-json\/wp\/v2\/product_cat?post=20219"},{"taxonomy":"product_tag","embeddable":true,"href":"https:\/\/mesfleurs.ca\/en\/wp-json\/wp\/v2\/product_tag?post=20219"}],"curies":[{"name":"wp","href":"https:\/\/api.w.org\/{rel}","templated":true}]}}