{"id":837,"date":"2024-09-30T17:44:55","date_gmt":"2024-09-30T17:44:55","guid":{"rendered":"https:\/\/834.d17.mytemp.website\/?post_type=product&#038;p=837"},"modified":"2026-02-10T17:38:25","modified_gmt":"2026-02-10T22:38:25","slug":"48-roses-rouges","status":"publish","type":"product","link":"https:\/\/mesfleurs.ca\/en\/product\/48-roses-rouges\/","title":{"rendered":"48 red roses"},"content":{"rendered":"<p>Offrez un bouquet d\u2019exception avec ce somptueux arrangement de 48 roses rouges, symbole de l&rsquo;amour et de la passion. Chaque rose, soigneusement choisie, incarne l\u2019\u00e9l\u00e9gance et la beaut\u00e9. Que ce soit pour une occasion sp\u00e9ciale ou pour faire une d\u00e9claration inoubliable, ce bouquet saura \u00e9merveiller et toucher le c\u0153ur de celui ou celle qui le recevra. Un cadeau intemporel, parfait pour exprimer vos sentiments les plus profonds. Faites de chaque instant un moment inoubliable avec ces magnifiques roses rouges.<\/p>","protected":false},"excerpt":{"rendered":"<p>Offrez un bouquet d\u2019exception avec ce somptueux arrangement de 48 roses rouges, symbole de l&rsquo;amour et de la passion. Chaque rose, soigneusement choisie, incarne l\u2019\u00e9l\u00e9gance et la beaut\u00e9. Que ce soit pour une occasion sp\u00e9ciale ou pour faire une d\u00e9claration inoubliable, ce bouquet saura \u00e9merveiller et toucher le c\u0153ur de celui ou celle qui le recevra. Un cadeau intemporel, parfait pour exprimer vos sentiments les plus profonds. Faites de chaque instant un moment inoubliable avec ces magnifiques roses rouges.<\/p>","protected":false},"featured_media":19366,"comment_status":"open","ping_status":"closed","template":"","meta":[],"product_brand":[],"product_cat":[83,39],"product_tag":[],"class_list":{"0":"post-837","1":"product","2":"type-product","3":"status-publish","4":"has-post-thumbnail","6":"product_cat-saint-valentin","7":"product_cat-bouquet-avec-des-roses","9":"first","10":"instock","11":"taxable","12":"shipping-taxable","13":"purchasable","14":"product-type-simple"},"_links":{"self":[{"href":"https:\/\/mesfleurs.ca\/en\/wp-json\/wp\/v2\/product\/837","targetHints":{"allow":["GET"]}}],"collection":[{"href":"https:\/\/mesfleurs.ca\/en\/wp-json\/wp\/v2\/product"}],"about":[{"href":"https:\/\/mesfleurs.ca\/en\/wp-json\/wp\/v2\/types\/product"}],"replies":[{"embeddable":true,"href":"https:\/\/mesfleurs.ca\/en\/wp-json\/wp\/v2\/comments?post=837"}],"wp:featuredmedia":[{"embeddable":true,"href":"https:\/\/mesfleurs.ca\/en\/wp-json\/wp\/v2\/media\/19366"}],"wp:attachment":[{"href":"https:\/\/mesfleurs.ca\/en\/wp-json\/wp\/v2\/media?parent=837"}],"wp:term":[{"taxonomy":"product_brand","embeddable":true,"href":"https:\/\/mesfleurs.ca\/en\/wp-json\/wp\/v2\/product_brand?post=837"},{"taxonomy":"product_cat","embeddable":true,"href":"https:\/\/mesfleurs.ca\/en\/wp-json\/wp\/v2\/product_cat?post=837"},{"taxonomy":"product_tag","embeddable":true,"href":"https:\/\/mesfleurs.ca\/en\/wp-json\/wp\/v2\/product_tag?post=837"}],"curies":[{"name":"wp","href":"https:\/\/api.w.org\/{rel}","templated":true}]}}