{"id":842,"date":"2024-09-30T17:44:55","date_gmt":"2024-09-30T17:44:55","guid":{"rendered":"https:\/\/834.d17.mytemp.website\/?post_type=product&#038;p=842"},"modified":"2024-12-11T10:54:13","modified_gmt":"2024-12-11T15:54:13","slug":"arrangement-en-coeur","status":"publish","type":"product","link":"https:\/\/mesfleurs.ca\/en\/product\/arrangement-en-coeur\/","title":{"rendered":"Heart shape arrangement"},"content":{"rendered":"<p>Compos\u00e9 d&rsquo;oeillets en 3 teintes, cet arrangement en forme de coeur saura agr\u00e9ablement se d\u00e9marquer.<\/p>","protected":false},"excerpt":{"rendered":"<p>Compos\u00e9 d&rsquo;oeillets en 3 teintes, cet arrangement en forme de coeur saura agr\u00e9ablement se d\u00e9marquer.<\/p>","protected":false},"featured_media":871,"comment_status":"open","ping_status":"closed","template":"","meta":[],"product_brand":[],"product_cat":[38],"product_tag":[],"class_list":{"0":"post-842","1":"product","2":"type-product","3":"status-publish","4":"has-post-thumbnail","6":"product_cat-couronnes-autres-formes","8":"first","9":"instock","10":"taxable","11":"shipping-taxable","12":"purchasable","13":"product-type-simple"},"_links":{"self":[{"href":"https:\/\/mesfleurs.ca\/en\/wp-json\/wp\/v2\/product\/842","targetHints":{"allow":["GET"]}}],"collection":[{"href":"https:\/\/mesfleurs.ca\/en\/wp-json\/wp\/v2\/product"}],"about":[{"href":"https:\/\/mesfleurs.ca\/en\/wp-json\/wp\/v2\/types\/product"}],"replies":[{"embeddable":true,"href":"https:\/\/mesfleurs.ca\/en\/wp-json\/wp\/v2\/comments?post=842"}],"wp:featuredmedia":[{"embeddable":true,"href":"https:\/\/mesfleurs.ca\/en\/wp-json\/wp\/v2\/media\/871"}],"wp:attachment":[{"href":"https:\/\/mesfleurs.ca\/en\/wp-json\/wp\/v2\/media?parent=842"}],"wp:term":[{"taxonomy":"product_brand","embeddable":true,"href":"https:\/\/mesfleurs.ca\/en\/wp-json\/wp\/v2\/product_brand?post=842"},{"taxonomy":"product_cat","embeddable":true,"href":"https:\/\/mesfleurs.ca\/en\/wp-json\/wp\/v2\/product_cat?post=842"},{"taxonomy":"product_tag","embeddable":true,"href":"https:\/\/mesfleurs.ca\/en\/wp-json\/wp\/v2\/product_tag?post=842"}],"curies":[{"name":"wp","href":"https:\/\/api.w.org\/{rel}","templated":true}]}}