{"id":843,"date":"2024-09-30T12:44:56","date_gmt":"2024-09-30T17:44:56","guid":{"rendered":"https:\/\/834.d17.mytemp.website\/?post_type=product&#038;p=843"},"modified":"2025-11-18T07:36:06","modified_gmt":"2025-11-18T12:36:06","slug":"arrangement-plante-fleurs","status":"publish","type":"product","link":"https:\/\/mesfleurs.ca\/en\/product\/arrangement-plante-fleurs\/","title":{"rendered":"Arrangement plante &amp; fleurs"},"content":{"rendered":"<p>Une plante et un bouquet dans un panier. Les fleurs embelliront l&rsquo;arrangement et la plante restera lorsque la c\u00e9r\u00e9monie sera termin\u00e9e.<\/p>","protected":false},"excerpt":{"rendered":"<p>Arrangement de plante et fleur. \u00c0 partir de 100$&#8230;<\/p>","protected":false},"featured_media":19360,"comment_status":"open","ping_status":"closed","template":"","meta":[],"product_brand":[],"product_cat":[38,36,35],"product_tag":[],"class_list":{"0":"post-843","1":"product","2":"type-product","3":"status-publish","4":"has-post-thumbnail","6":"product_cat-couronnes-autres-formes","7":"product_cat-funeraire","8":"product_cat-plantes","10":"first","11":"instock","12":"taxable","13":"shipping-taxable","14":"purchasable","15":"product-type-simple"},"_links":{"self":[{"href":"https:\/\/mesfleurs.ca\/en\/wp-json\/wp\/v2\/product\/843","targetHints":{"allow":["GET"]}}],"collection":[{"href":"https:\/\/mesfleurs.ca\/en\/wp-json\/wp\/v2\/product"}],"about":[{"href":"https:\/\/mesfleurs.ca\/en\/wp-json\/wp\/v2\/types\/product"}],"replies":[{"embeddable":true,"href":"https:\/\/mesfleurs.ca\/en\/wp-json\/wp\/v2\/comments?post=843"}],"wp:featuredmedia":[{"embeddable":true,"href":"https:\/\/mesfleurs.ca\/en\/wp-json\/wp\/v2\/media\/19360"}],"wp:attachment":[{"href":"https:\/\/mesfleurs.ca\/en\/wp-json\/wp\/v2\/media?parent=843"}],"wp:term":[{"taxonomy":"product_brand","embeddable":true,"href":"https:\/\/mesfleurs.ca\/en\/wp-json\/wp\/v2\/product_brand?post=843"},{"taxonomy":"product_cat","embeddable":true,"href":"https:\/\/mesfleurs.ca\/en\/wp-json\/wp\/v2\/product_cat?post=843"},{"taxonomy":"product_tag","embeddable":true,"href":"https:\/\/mesfleurs.ca\/en\/wp-json\/wp\/v2\/product_tag?post=843"}],"curies":[{"name":"wp","href":"https:\/\/api.w.org\/{rel}","templated":true}]}}