{"id":894,"date":"2024-09-30T12:45:53","date_gmt":"2024-09-30T17:45:53","guid":{"rendered":"https:\/\/834.d17.mytemp.website\/?post_type=product&#038;p=894"},"modified":"2025-01-06T11:07:55","modified_gmt":"2025-01-06T16:07:55","slug":"corbeille-funeraire-exotique-avec-oiseaux-et-orchidee","status":"publish","type":"product","link":"https:\/\/mesfleurs.ca\/en\/product\/corbeille-funeraire-exotique-avec-oiseaux-et-orchidee\/","title":{"rendered":"Corbeille funeraire exotique avec oiseaux et orchid\u00e9e"},"content":{"rendered":"<p>Arrangement exotique compos\u00e9 d&rsquo;oiseaux du paradis, de roses, d&rsquo;orchid\u00e9e, de glayeul, de mollucella et de feuille de calathea<\/p>","protected":false},"excerpt":{"rendered":"<p>Arrangement exotique compos\u00e9 d&rsquo;oiseaux du paradis, de roses, d&rsquo;orchid\u00e9e, de glayeul, de mollucella et de feuille de calathea<\/p>","protected":false},"featured_media":19614,"comment_status":"closed","ping_status":"closed","template":"","meta":[],"product_brand":[],"product_cat":[56],"product_tag":[],"class_list":{"0":"post-894","1":"product","2":"type-product","3":"status-publish","4":"has-post-thumbnail","6":"product_cat-corbeilles","8":"first","9":"outofstock","10":"taxable","11":"shipping-taxable","12":"purchasable","13":"product-type-simple"},"_links":{"self":[{"href":"https:\/\/mesfleurs.ca\/en\/wp-json\/wp\/v2\/product\/894","targetHints":{"allow":["GET"]}}],"collection":[{"href":"https:\/\/mesfleurs.ca\/en\/wp-json\/wp\/v2\/product"}],"about":[{"href":"https:\/\/mesfleurs.ca\/en\/wp-json\/wp\/v2\/types\/product"}],"replies":[{"embeddable":true,"href":"https:\/\/mesfleurs.ca\/en\/wp-json\/wp\/v2\/comments?post=894"}],"wp:featuredmedia":[{"embeddable":true,"href":"https:\/\/mesfleurs.ca\/en\/wp-json\/wp\/v2\/media\/19614"}],"wp:attachment":[{"href":"https:\/\/mesfleurs.ca\/en\/wp-json\/wp\/v2\/media?parent=894"}],"wp:term":[{"taxonomy":"product_brand","embeddable":true,"href":"https:\/\/mesfleurs.ca\/en\/wp-json\/wp\/v2\/product_brand?post=894"},{"taxonomy":"product_cat","embeddable":true,"href":"https:\/\/mesfleurs.ca\/en\/wp-json\/wp\/v2\/product_cat?post=894"},{"taxonomy":"product_tag","embeddable":true,"href":"https:\/\/mesfleurs.ca\/en\/wp-json\/wp\/v2\/product_tag?post=894"}],"curies":[{"name":"wp","href":"https:\/\/api.w.org\/{rel}","templated":true}]}}