{"id":897,"date":"2024-09-30T12:45:53","date_gmt":"2024-09-30T17:45:53","guid":{"rendered":"https:\/\/834.d17.mytemp.website\/?post_type=product&#038;p=897"},"modified":"2025-11-18T07:34:07","modified_gmt":"2025-11-18T12:34:07","slug":"corbeille-funeraire-oiseaux-et-anthurium","status":"publish","type":"product","link":"https:\/\/mesfleurs.ca\/en\/product\/corbeille-funeraire-oiseaux-et-anthurium\/","title":{"rendered":"Corbeille funeraire oiseaux et anthurium"},"content":{"rendered":"<p>Arrangement exotique compos\u00e9 d&rsquo;oiseaux du paradis, de roses, de lys, de chrysanth\u00e8me fuji, d&rsquo;anthurium, de feuille de monstera et d&rsquo;accord\u00e9on.<\/p>\n<p>Une variante de ce produit: Ginger et roses bleues<\/p>","protected":false},"excerpt":{"rendered":"<p>Arrangement exotique compos\u00e9 d&rsquo;oiseaux du paradis, de roses, de lys, de chrysanth\u00e8me fuji, d&rsquo;anthurium, de feuille de monstera et d&rsquo;accord\u00e9on<\/p>","protected":false},"featured_media":19617,"comment_status":"closed","ping_status":"closed","template":"","meta":[],"product_brand":[],"product_cat":[56],"product_tag":[],"class_list":{"0":"post-897","1":"product","2":"type-product","3":"status-publish","4":"has-post-thumbnail","6":"product_cat-corbeilles","8":"first","9":"instock","10":"taxable","11":"shipping-taxable","12":"purchasable","13":"product-type-simple"},"_links":{"self":[{"href":"https:\/\/mesfleurs.ca\/en\/wp-json\/wp\/v2\/product\/897","targetHints":{"allow":["GET"]}}],"collection":[{"href":"https:\/\/mesfleurs.ca\/en\/wp-json\/wp\/v2\/product"}],"about":[{"href":"https:\/\/mesfleurs.ca\/en\/wp-json\/wp\/v2\/types\/product"}],"replies":[{"embeddable":true,"href":"https:\/\/mesfleurs.ca\/en\/wp-json\/wp\/v2\/comments?post=897"}],"wp:featuredmedia":[{"embeddable":true,"href":"https:\/\/mesfleurs.ca\/en\/wp-json\/wp\/v2\/media\/19617"}],"wp:attachment":[{"href":"https:\/\/mesfleurs.ca\/en\/wp-json\/wp\/v2\/media?parent=897"}],"wp:term":[{"taxonomy":"product_brand","embeddable":true,"href":"https:\/\/mesfleurs.ca\/en\/wp-json\/wp\/v2\/product_brand?post=897"},{"taxonomy":"product_cat","embeddable":true,"href":"https:\/\/mesfleurs.ca\/en\/wp-json\/wp\/v2\/product_cat?post=897"},{"taxonomy":"product_tag","embeddable":true,"href":"https:\/\/mesfleurs.ca\/en\/wp-json\/wp\/v2\/product_tag?post=897"}],"curies":[{"name":"wp","href":"https:\/\/api.w.org\/{rel}","templated":true}]}}