{"id":908,"date":"2024-09-30T17:46:15","date_gmt":"2024-09-30T17:46:15","guid":{"rendered":"https:\/\/834.d17.mytemp.website\/?post_type=product&#038;p=908"},"modified":"2024-10-10T16:14:53","modified_gmt":"2024-10-10T16:14:53","slug":"couronne-funeraire","status":"publish","type":"product","link":"https:\/\/mesfleurs.ca\/en\/product\/couronne-funeraire\/","title":{"rendered":"Couronne fun\u00e9raire"},"content":{"rendered":"","protected":false},"excerpt":{"rendered":"<p>Compos\u00e9e de lys blanc, roses blanches, chrysanth\u00e8me blanc, oeillets blanc et pompom plat<\/p>","protected":false},"featured_media":955,"comment_status":"open","ping_status":"closed","template":"","meta":[],"product_brand":[],"product_cat":[38],"product_tag":[],"class_list":{"0":"post-908","1":"product","2":"type-product","3":"status-publish","4":"has-post-thumbnail","6":"product_cat-couronnes-autres-formes","8":"first","9":"instock","10":"taxable","11":"shipping-taxable","12":"purchasable","13":"product-type-simple"},"_links":{"self":[{"href":"https:\/\/mesfleurs.ca\/en\/wp-json\/wp\/v2\/product\/908","targetHints":{"allow":["GET"]}}],"collection":[{"href":"https:\/\/mesfleurs.ca\/en\/wp-json\/wp\/v2\/product"}],"about":[{"href":"https:\/\/mesfleurs.ca\/en\/wp-json\/wp\/v2\/types\/product"}],"replies":[{"embeddable":true,"href":"https:\/\/mesfleurs.ca\/en\/wp-json\/wp\/v2\/comments?post=908"}],"wp:featuredmedia":[{"embeddable":true,"href":"https:\/\/mesfleurs.ca\/en\/wp-json\/wp\/v2\/media\/955"}],"wp:attachment":[{"href":"https:\/\/mesfleurs.ca\/en\/wp-json\/wp\/v2\/media?parent=908"}],"wp:term":[{"taxonomy":"product_brand","embeddable":true,"href":"https:\/\/mesfleurs.ca\/en\/wp-json\/wp\/v2\/product_brand?post=908"},{"taxonomy":"product_cat","embeddable":true,"href":"https:\/\/mesfleurs.ca\/en\/wp-json\/wp\/v2\/product_cat?post=908"},{"taxonomy":"product_tag","embeddable":true,"href":"https:\/\/mesfleurs.ca\/en\/wp-json\/wp\/v2\/product_tag?post=908"}],"curies":[{"name":"wp","href":"https:\/\/api.w.org\/{rel}","templated":true}]}}