{"id":923,"date":"2024-09-30T17:46:42","date_gmt":"2024-09-30T17:46:42","guid":{"rendered":"https:\/\/834.d17.mytemp.website\/?post_type=product&#038;p=923"},"modified":"2024-09-30T17:48:54","modified_gmt":"2024-09-30T17:48:54","slug":"gateau-de-couches-fille","status":"publish","type":"product","link":"https:\/\/mesfleurs.ca\/en\/product\/gateau-de-couches-fille\/","title":{"rendered":"G\u00e2teau de couches (Fille)"},"content":{"rendered":"<p>G\u00e2teau de couche pour fillette. Image \u00e0 titre d&rsquo;exemple.<br \/>\nPlusieurs mod\u00e8les disponibles en magasin.<\/p>","protected":false},"excerpt":{"rendered":"<p>G\u00e2teau de couche pour fillette. Image \u00e0 titre d&rsquo;exemple. Plusieurs mod\u00e8les disponibles en magasin.<\/p>","protected":false},"featured_media":980,"comment_status":"open","ping_status":"closed","template":"","meta":[],"product_brand":[],"product_cat":[40],"product_tag":[],"class_list":{"0":"post-923","1":"product","2":"type-product","3":"status-publish","4":"has-post-thumbnail","6":"product_cat-naissance","8":"first","9":"instock","10":"taxable","11":"shipping-taxable","12":"purchasable","13":"product-type-simple"},"_links":{"self":[{"href":"https:\/\/mesfleurs.ca\/en\/wp-json\/wp\/v2\/product\/923","targetHints":{"allow":["GET"]}}],"collection":[{"href":"https:\/\/mesfleurs.ca\/en\/wp-json\/wp\/v2\/product"}],"about":[{"href":"https:\/\/mesfleurs.ca\/en\/wp-json\/wp\/v2\/types\/product"}],"replies":[{"embeddable":true,"href":"https:\/\/mesfleurs.ca\/en\/wp-json\/wp\/v2\/comments?post=923"}],"wp:featuredmedia":[{"embeddable":true,"href":"https:\/\/mesfleurs.ca\/en\/wp-json\/wp\/v2\/media\/980"}],"wp:attachment":[{"href":"https:\/\/mesfleurs.ca\/en\/wp-json\/wp\/v2\/media?parent=923"}],"wp:term":[{"taxonomy":"product_brand","embeddable":true,"href":"https:\/\/mesfleurs.ca\/en\/wp-json\/wp\/v2\/product_brand?post=923"},{"taxonomy":"product_cat","embeddable":true,"href":"https:\/\/mesfleurs.ca\/en\/wp-json\/wp\/v2\/product_cat?post=923"},{"taxonomy":"product_tag","embeddable":true,"href":"https:\/\/mesfleurs.ca\/en\/wp-json\/wp\/v2\/product_tag?post=923"}],"curies":[{"name":"wp","href":"https:\/\/api.w.org\/{rel}","templated":true}]}}