{"id":926,"date":"2024-09-30T12:46:43","date_gmt":"2024-09-30T17:46:43","guid":{"rendered":"https:\/\/834.d17.mytemp.website\/?post_type=product&#038;p=926"},"modified":"2024-12-12T11:41:57","modified_gmt":"2024-12-12T16:41:57","slug":"panier-de-fruits","status":"publish","type":"product","link":"https:\/\/mesfleurs.ca\/en\/product\/panier-de-fruits\/","title":{"rendered":"Panier de fruits"},"content":{"rendered":"<p>Plein de fruits frais ! Un beau panier pour f\u00e9liciter la nouvelle maman (et aussi un peu de chocolat) ou comme cadeau de bienvenu pour le travail ou la maison ! Un bouquett&rsquo;O est aussi pr\u00e9sent et restera lorsque le panier sera compl\u00e8tement d\u00e9vor\u00e9 !<\/p>\n<p>* Un minimum de 24h est demand\u00e9 entre la commande et la livraison afin de s&rsquo;approvisionner en fruits frais.<\/p>","protected":false},"excerpt":{"rendered":"<p>Plein de fruits frais ! Un beau panier pour f\u00e9liciter la nouvelle maman (et aussi un peu de chocolat) ou comme cadeau de bienvenu pour le travail ou la maison ! Un bouquett\u2019O est aussi pr\u00e9sent et restera lorsque le panier sera compl\u00e8tement d\u00e9vor\u00e9 !<\/p>\n<p>* Un minimum de 24h est demand\u00e9 entre la commande et la livraison afin de s\u2019approvisionner en fruits frais.<\/p>","protected":false},"featured_media":19552,"comment_status":"open","ping_status":"closed","template":"","meta":[],"product_brand":[],"product_cat":[72,31,94],"product_tag":[],"class_list":{"0":"post-926","1":"product","2":"type-product","3":"status-publish","4":"has-post-thumbnail","6":"product_cat-chocolats-friandises-et-autres-produits","7":"product_cat-fetes-occasions","8":"product_cat-merci","10":"first","11":"instock","12":"taxable","13":"shipping-taxable","14":"purchasable","15":"product-type-variable"},"_links":{"self":[{"href":"https:\/\/mesfleurs.ca\/en\/wp-json\/wp\/v2\/product\/926","targetHints":{"allow":["GET"]}}],"collection":[{"href":"https:\/\/mesfleurs.ca\/en\/wp-json\/wp\/v2\/product"}],"about":[{"href":"https:\/\/mesfleurs.ca\/en\/wp-json\/wp\/v2\/types\/product"}],"replies":[{"embeddable":true,"href":"https:\/\/mesfleurs.ca\/en\/wp-json\/wp\/v2\/comments?post=926"}],"wp:featuredmedia":[{"embeddable":true,"href":"https:\/\/mesfleurs.ca\/en\/wp-json\/wp\/v2\/media\/19552"}],"wp:attachment":[{"href":"https:\/\/mesfleurs.ca\/en\/wp-json\/wp\/v2\/media?parent=926"}],"wp:term":[{"taxonomy":"product_brand","embeddable":true,"href":"https:\/\/mesfleurs.ca\/en\/wp-json\/wp\/v2\/product_brand?post=926"},{"taxonomy":"product_cat","embeddable":true,"href":"https:\/\/mesfleurs.ca\/en\/wp-json\/wp\/v2\/product_cat?post=926"},{"taxonomy":"product_tag","embeddable":true,"href":"https:\/\/mesfleurs.ca\/en\/wp-json\/wp\/v2\/product_tag?post=926"}],"curies":[{"name":"wp","href":"https:\/\/api.w.org\/{rel}","templated":true}]}}