{"id":936,"date":"2024-09-30T17:47:04","date_gmt":"2024-09-30T17:47:04","guid":{"rendered":"https:\/\/834.d17.mytemp.website\/?post_type=product&#038;p=936"},"modified":"2025-01-06T15:05:18","modified_gmt":"2025-01-06T20:05:18","slug":"zygocactus-4po","status":"publish","type":"product","link":"https:\/\/mesfleurs.ca\/en\/product\/zygocactus-4po\/","title":{"rendered":"Zygocactus 4po"},"content":{"rendered":"<p>Facile d&rsquo;entretien avec des fleurs color\u00e9es en pot de 4 pouces.<\/p>\n<p>Disponible en blanc, en rouge et rose. *<\/p>\n<p>&nbsp;<\/p>\n<p>*Sous r\u00e9serve de disponibilit\u00e9 \/ Pr\u00e9sentation sugg\u00e9r\u00e9e<\/p>","protected":false},"excerpt":{"rendered":"<p>Zygocactus<\/p>","protected":false},"featured_media":1000,"comment_status":"open","ping_status":"closed","template":"","meta":[],"product_brand":[],"product_cat":[34,35],"product_tag":[],"class_list":{"0":"post-936","1":"product","2":"type-product","3":"status-publish","4":"has-post-thumbnail","6":"product_cat-noel","7":"product_cat-plantes","9":"first","10":"outofstock","11":"taxable","12":"shipping-taxable","13":"purchasable","14":"product-type-simple"},"_links":{"self":[{"href":"https:\/\/mesfleurs.ca\/en\/wp-json\/wp\/v2\/product\/936","targetHints":{"allow":["GET"]}}],"collection":[{"href":"https:\/\/mesfleurs.ca\/en\/wp-json\/wp\/v2\/product"}],"about":[{"href":"https:\/\/mesfleurs.ca\/en\/wp-json\/wp\/v2\/types\/product"}],"replies":[{"embeddable":true,"href":"https:\/\/mesfleurs.ca\/en\/wp-json\/wp\/v2\/comments?post=936"}],"wp:featuredmedia":[{"embeddable":true,"href":"https:\/\/mesfleurs.ca\/en\/wp-json\/wp\/v2\/media\/1000"}],"wp:attachment":[{"href":"https:\/\/mesfleurs.ca\/en\/wp-json\/wp\/v2\/media?parent=936"}],"wp:term":[{"taxonomy":"product_brand","embeddable":true,"href":"https:\/\/mesfleurs.ca\/en\/wp-json\/wp\/v2\/product_brand?post=936"},{"taxonomy":"product_cat","embeddable":true,"href":"https:\/\/mesfleurs.ca\/en\/wp-json\/wp\/v2\/product_cat?post=936"},{"taxonomy":"product_tag","embeddable":true,"href":"https:\/\/mesfleurs.ca\/en\/wp-json\/wp\/v2\/product_tag?post=936"}],"curies":[{"name":"wp","href":"https:\/\/api.w.org\/{rel}","templated":true}]}}