{"id":947,"date":"2024-09-30T17:47:30","date_gmt":"2024-09-30T17:47:30","guid":{"rendered":"https:\/\/834.d17.mytemp.website\/?post_type=product&#038;p=947"},"modified":"2024-10-10T16:16:48","modified_gmt":"2024-10-10T16:16:48","slug":"spathiphyllum-10","status":"publish","type":"product","link":"https:\/\/mesfleurs.ca\/en\/product\/spathiphyllum-10\/","title":{"rendered":"Spathiphyllum grand format (8-10 po)"},"content":{"rendered":"<p>Spathiphyllum est un genre de plantes originaire d&rsquo;Am\u00e9rique du sud. Certaines esp\u00e8ces sont appel\u00e9es \u00ab Fleur de lune \u00bb ou\u00a0\u00ab Lys de paix \u00bb. Ces plantes aiment la lumi\u00e8re vive, un sol neutre.<\/p>\n<p><img decoding=\"async\" style=\"height: 20px\" title=\"Beaucoup de lumi\u00e8re\" src=\"https:\/\/mesfleurs.ca\/images\/entretient-soleil.png\" alt=\"Beaucoup de lumi\u00e8re\" \/><\/p>\n<p><img decoding=\"async\" style=\"height: 20px\" title=\"Soleil indirect\" src=\"https:\/\/mesfleurs.ca\/images\/entretient-soleilindirect.png\" alt=\"Soleil indirect\" \/><\/p>\n<p><img decoding=\"async\" style=\"height: 20px\" title=\"Terre moyennement humide\" src=\"https:\/\/mesfleurs.ca\/images\/entretient-eau2.png\" alt=\"Moyennement humide\" \/><\/p>\n<p><img decoding=\"async\" style=\"height: 20px\" title=\"Vaporiser\" src=\"https:\/\/mesfleurs.ca\/images\/entretient-eauspray.png\" alt=\"Vaporiser\" \/><\/p>\n<p><img decoding=\"async\" style=\"height: 20px\" title=\"Attention! Peut \u00eatre toxique pour les animaux\" src=\"https:\/\/mesfleurs.ca\/images\/entretient-animaux.png\" alt=\"Attention! Peut \u00eatre toxique pour les animaux\" \/><\/p>","protected":false},"excerpt":{"rendered":"<p>Spathiphyllum 10po<\/p>","protected":false},"featured_media":997,"comment_status":"open","ping_status":"closed","template":"","meta":[],"product_brand":[],"product_cat":[36,35],"product_tag":[],"class_list":{"0":"post-947","1":"product","2":"type-product","3":"status-publish","4":"has-post-thumbnail","6":"product_cat-funeraire","7":"product_cat-plantes","9":"first","10":"instock","11":"taxable","12":"shipping-taxable","13":"purchasable","14":"product-type-simple"},"_links":{"self":[{"href":"https:\/\/mesfleurs.ca\/en\/wp-json\/wp\/v2\/product\/947","targetHints":{"allow":["GET"]}}],"collection":[{"href":"https:\/\/mesfleurs.ca\/en\/wp-json\/wp\/v2\/product"}],"about":[{"href":"https:\/\/mesfleurs.ca\/en\/wp-json\/wp\/v2\/types\/product"}],"replies":[{"embeddable":true,"href":"https:\/\/mesfleurs.ca\/en\/wp-json\/wp\/v2\/comments?post=947"}],"wp:featuredmedia":[{"embeddable":true,"href":"https:\/\/mesfleurs.ca\/en\/wp-json\/wp\/v2\/media\/997"}],"wp:attachment":[{"href":"https:\/\/mesfleurs.ca\/en\/wp-json\/wp\/v2\/media?parent=947"}],"wp:term":[{"taxonomy":"product_brand","embeddable":true,"href":"https:\/\/mesfleurs.ca\/en\/wp-json\/wp\/v2\/product_brand?post=947"},{"taxonomy":"product_cat","embeddable":true,"href":"https:\/\/mesfleurs.ca\/en\/wp-json\/wp\/v2\/product_cat?post=947"},{"taxonomy":"product_tag","embeddable":true,"href":"https:\/\/mesfleurs.ca\/en\/wp-json\/wp\/v2\/product_tag?post=947"}],"curies":[{"name":"wp","href":"https:\/\/api.w.org\/{rel}","templated":true}]}}