{"id":948,"date":"2024-09-30T17:47:30","date_gmt":"2024-09-30T17:47:30","guid":{"rendered":"https:\/\/834.d17.mytemp.website\/?post_type=product&#038;p=948"},"modified":"2024-09-30T17:49:21","modified_gmt":"2024-09-30T17:49:21","slug":"spathiphyllum-6","status":"publish","type":"product","link":"https:\/\/mesfleurs.ca\/en\/product\/spathiphyllum-6\/","title":{"rendered":"Spathiphyllum 6&Prime;"},"content":{"rendered":"<p>Spathiphyllum est un genre de plantes originaire d&rsquo;Am\u00e9rique du sud. Certaines esp\u00e8ces sont appel\u00e9es \u00ab Fleur de lune \u00bb ou\u00a0\u00ab Lys de paix \u00bb. Ces plantes aiment la lumi\u00e8re vive, un sol neutre.<\/p>\n<p>+ Beaucoup de lumi\u00e8re<br \/>\n+ Soleil indirect<br \/>\n+ Moyennement humide<br \/>\n+ Vaporiser<br \/>\n+ Engrais 15-30-15<br \/>\n+ Attention! Peut \u00eatre toxique pour les animaux<\/p>","protected":false},"excerpt":{"rendered":"<p>Spatiphyllum 6po<\/p>","protected":false},"featured_media":998,"comment_status":"open","ping_status":"closed","template":"","meta":[],"product_brand":[],"product_cat":[36,35],"product_tag":[],"class_list":{"0":"post-948","1":"product","2":"type-product","3":"status-publish","4":"has-post-thumbnail","6":"product_cat-funeraire","7":"product_cat-plantes","9":"first","10":"instock","11":"taxable","12":"shipping-taxable","13":"purchasable","14":"product-type-simple"},"_links":{"self":[{"href":"https:\/\/mesfleurs.ca\/en\/wp-json\/wp\/v2\/product\/948","targetHints":{"allow":["GET"]}}],"collection":[{"href":"https:\/\/mesfleurs.ca\/en\/wp-json\/wp\/v2\/product"}],"about":[{"href":"https:\/\/mesfleurs.ca\/en\/wp-json\/wp\/v2\/types\/product"}],"replies":[{"embeddable":true,"href":"https:\/\/mesfleurs.ca\/en\/wp-json\/wp\/v2\/comments?post=948"}],"wp:featuredmedia":[{"embeddable":true,"href":"https:\/\/mesfleurs.ca\/en\/wp-json\/wp\/v2\/media\/998"}],"wp:attachment":[{"href":"https:\/\/mesfleurs.ca\/en\/wp-json\/wp\/v2\/media?parent=948"}],"wp:term":[{"taxonomy":"product_brand","embeddable":true,"href":"https:\/\/mesfleurs.ca\/en\/wp-json\/wp\/v2\/product_brand?post=948"},{"taxonomy":"product_cat","embeddable":true,"href":"https:\/\/mesfleurs.ca\/en\/wp-json\/wp\/v2\/product_cat?post=948"},{"taxonomy":"product_tag","embeddable":true,"href":"https:\/\/mesfleurs.ca\/en\/wp-json\/wp\/v2\/product_tag?post=948"}],"curies":[{"name":"wp","href":"https:\/\/api.w.org\/{rel}","templated":true}]}}