{"id":978,"date":"2024-09-30T17:48:47","date_gmt":"2024-09-30T17:48:47","guid":{"rendered":"https:\/\/834.d17.mytemp.website\/?post_type=product&#038;p=978"},"modified":"2025-12-15T12:13:12","modified_gmt":"2025-12-15T17:13:12","slug":"centre-de-table-de-noel","status":"publish","type":"product","link":"https:\/\/mesfleurs.ca\/en\/product\/centre-de-table-de-noel\/","title":{"rendered":"Centre de table de No\u00ebl"},"content":{"rendered":"<p>Centre de table compos\u00e9 de fleurs et sapinage naturel. Compos\u00e9 d&rsquo;hyp\u00e9ricum, de roses, d&rsquo;oeillets et d&rsquo;oeillets mini, de cocottes et orn\u00e9 d&rsquo;un ruban dans un vase en verre carr\u00e9. (+\/- 8po de large)<br \/>\nDisponible \u00e0 partir de 30$.<\/p>","protected":false},"excerpt":{"rendered":"<p>Centre de table compos\u00e9 de fleurs et sapinage naturel. Compos\u00e9 d&#039;hyp\u00e9ricum, de roses, d&#039;oeillets et d&#039;oeillets mini, de cocottes et orn\u00e9 d&#039;un ruban dans un vase en verre carr\u00e9. (+\/- 8po de large)<br \/>\nDisponible \u00e0 partir de 30$.<\/p>","protected":false},"featured_media":1042,"comment_status":"open","ping_status":"closed","template":"","meta":[],"product_brand":[],"product_cat":[39,34],"product_tag":[],"class_list":{"0":"post-978","1":"product","2":"type-product","3":"status-publish","4":"has-post-thumbnail","6":"product_cat-bouquet-avec-des-roses","7":"product_cat-noel","9":"first","10":"instock","11":"taxable","12":"shipping-taxable","13":"purchasable","14":"product-type-simple"},"_links":{"self":[{"href":"https:\/\/mesfleurs.ca\/en\/wp-json\/wp\/v2\/product\/978","targetHints":{"allow":["GET"]}}],"collection":[{"href":"https:\/\/mesfleurs.ca\/en\/wp-json\/wp\/v2\/product"}],"about":[{"href":"https:\/\/mesfleurs.ca\/en\/wp-json\/wp\/v2\/types\/product"}],"replies":[{"embeddable":true,"href":"https:\/\/mesfleurs.ca\/en\/wp-json\/wp\/v2\/comments?post=978"}],"wp:featuredmedia":[{"embeddable":true,"href":"https:\/\/mesfleurs.ca\/en\/wp-json\/wp\/v2\/media\/1042"}],"wp:attachment":[{"href":"https:\/\/mesfleurs.ca\/en\/wp-json\/wp\/v2\/media?parent=978"}],"wp:term":[{"taxonomy":"product_brand","embeddable":true,"href":"https:\/\/mesfleurs.ca\/en\/wp-json\/wp\/v2\/product_brand?post=978"},{"taxonomy":"product_cat","embeddable":true,"href":"https:\/\/mesfleurs.ca\/en\/wp-json\/wp\/v2\/product_cat?post=978"},{"taxonomy":"product_tag","embeddable":true,"href":"https:\/\/mesfleurs.ca\/en\/wp-json\/wp\/v2\/product_tag?post=978"}],"curies":[{"name":"wp","href":"https:\/\/api.w.org\/{rel}","templated":true}]}}